{"id":9005,"date":"2024-02-26T16:10:11","date_gmt":"2024-02-26T19:10:11","guid":{"rendered":"https:\/\/www.goremaule.cl\/goremauleVII\/?page_id=9005"},"modified":"2024-09-16T09:55:23","modified_gmt":"2024-09-16T12:55:23","slug":"concurso-municipal-para-presentacion-de-actividades-culturales-y-programacion-teatros-fndr-8-2024","status":"publish","type":"page","link":"https:\/\/www.goremaule.cl\/goremauleVII\/concurso-municipal-para-presentacion-de-actividades-culturales-y-programacion-teatros-fndr-8-2024\/","title":{"rendered":"CONCURSO  MUNICIPAL PARA PRESENTACI\u00d3N DE ACTIVIDADES CULTURALES Y PROGRAMACI\u00d3N TEATROS FNDR 8% 2024"},"content":{"rendered":"\n<p>Plazo para la subsanaci\u00f3n de observaciones es de Diez (10) d\u00edas corridos inici\u00e1ndose el mi\u00e9rcoles 01 de Mayo y finalizando el d\u00eda viernes 10 de mayo a las 23:59hrs., subsanaci\u00f3n que debe realizarse de la misma forma que la postulaci\u00f3n &nbsp;inicial, dirigidas a la casilla virtual del Gobierno Regional del Maule&nbsp;<strong><a href=\"mailto:gestiondedocumentos@goremaule.cl\">gestiondedocumentos@goremaule.cl<\/a>.<\/strong><\/p>\n\n\n\n<div class=\"wp-block-file\"><a href=\"https:\/\/www.goremaule.cl\/goremauleVII\/wp-content\/uploads\/2024\/09\/RES.EX_.-8095.pdf\">RES.EX. N\u00b08095<sup><span class=\"has-inline-color has-vivid-green-cyan-color\">nuevo<\/span><\/sup><\/a><a href=\"https:\/\/www.goremaule.cl\/goremauleVII\/wp-content\/uploads\/2024\/09\/RES.EX_.-8095.pdf\" class=\"wp-block-file__button\" download>Descarga<\/a><\/div>\n\n\n\n<div class=\"wp-block-file\"><a href=\"https:\/\/www.goremaule.cl\/goremauleVII\/wp-content\/uploads\/2024\/09\/RES-EX.-7927.pdf\">RES-EX. N\u00b07927<sup><span class=\"has-inline-color has-vivid-green-cyan-color\">nuevo<\/span><\/sup><\/a><a href=\"https:\/\/www.goremaule.cl\/goremauleVII\/wp-content\/uploads\/2024\/09\/RES-EX.-7927.pdf\" class=\"wp-block-file__button\" download>Descarga<\/a><\/div>\n\n\n\n<div class=\"wp-block-file\"><a href=\"https:\/\/www.goremaule.cl\/goremauleVII\/wp-content\/uploads\/2024\/09\/RES.EX_.-7404.pdf\">RES.EX_. N\u00b07404<sup><span class=\"has-inline-color has-vivid-green-cyan-color\">nuevo<\/span><\/sup><\/a><a href=\"https:\/\/www.goremaule.cl\/goremauleVII\/wp-content\/uploads\/2024\/09\/RES.EX_.-7404.pdf\" class=\"wp-block-file__button\" download>Descarga<\/a><\/div>\n\n\n\n<div class=\"wp-block-file\"><a href=\"https:\/\/www.goremaule.cl\/goremauleVII\/wp-content\/uploads\/2024\/09\/RES.EX_.-4222.pdf\">RES.EX_. N\u00b04222<span class=\"has-inline-color has-vivid-green-cyan-color\"><sup>nuevo<\/sup><\/span><\/a><a href=\"https:\/\/www.goremaule.cl\/goremauleVII\/wp-content\/uploads\/2024\/09\/RES.EX_.-4222.pdf\" class=\"wp-block-file__button\" download>Descarga<\/a><\/div>\n\n\n\n<div class=\"wp-block-file\"><a href=\"https:\/\/www.goremaule.cl\/goremauleVII\/wp-content\/uploads\/2024\/08\/NOMINA-DEFINITIVA-INICIATIVAS-ADMISIBLES-CONCURSO-PRESENTACION-DE-ACTIVIDADES-CULTURALES-Y-PROGRAMACION-TEATROS-FNDR-RIO-CLARO-SAN-CLEMENTE.pdf\">NOMINA DEFINITIVA INICIATIVAS ADMISIBLES ACTIVIDADES CULTURALES Y PROGRAMACI\u00d3N TEATROS<\/a><a href=\"https:\/\/www.goremaule.cl\/goremauleVII\/wp-content\/uploads\/2024\/08\/NOMINA-DEFINITIVA-INICIATIVAS-ADMISIBLES-CONCURSO-PRESENTACION-DE-ACTIVIDADES-CULTURALES-Y-PROGRAMACION-TEATROS-FNDR-RIO-CLARO-SAN-CLEMENTE.pdf\" class=\"wp-block-file__button\" download>Descarga<\/a><\/div>\n\n\n\n<div class=\"wp-block-file\"><a href=\"https:\/\/www.goremaule.cl\/goremauleVII\/wp-content\/uploads\/2024\/07\/RESOLUCION-EXENTA-5992.pdf\">RESOLUCION EXENTA N\u00b0 5992<\/a><a href=\"https:\/\/www.goremaule.cl\/goremauleVII\/wp-content\/uploads\/2024\/07\/RESOLUCION-EXENTA-5992.pdf\" class=\"wp-block-file__button\" download>Descarga<\/a><\/div>\n\n\n\n<div class=\"wp-block-file\"><a href=\"https:\/\/www.goremaule.cl\/goremauleVII\/wp-content\/uploads\/2024\/06\/NOMINA-DEFINITIVA-INICIATIVAS-ADMISIBLES-CONCURSO-PRESENTACION-DE-ACTIVIDADES-CULTURALES-Y-PROGRAMACION-TEATROS-FNDR-8.pdf\">Nomina Definitiva de Iniciativas Admisibles <\/a><a href=\"https:\/\/www.goremaule.cl\/goremauleVII\/wp-content\/uploads\/2024\/06\/NOMINA-DEFINITIVA-INICIATIVAS-ADMISIBLES-CONCURSO-PRESENTACION-DE-ACTIVIDADES-CULTURALES-Y-PROGRAMACION-TEATROS-FNDR-8.pdf\" class=\"wp-block-file__button\" download>Descarga<\/a><\/div>\n\n\n\n<div class=\"wp-block-file\"><a href=\"https:\/\/www.goremaule.cl\/goremauleVII\/wp-content\/uploads\/2024\/05\/Acta-tecnica-respuesta-Maule.pdf\">ACTA T\u00c9CNICA <\/a><a href=\"https:\/\/www.goremaule.cl\/goremauleVII\/wp-content\/uploads\/2024\/05\/Acta-tecnica-respuesta-Maule.pdf\" class=\"wp-block-file__button\" download>Descarga<\/a><\/div>\n\n\n\n<div class=\"wp-block-file\"><a href=\"https:\/\/www.goremaule.cl\/goremauleVII\/wp-content\/uploads\/2024\/04\/ID-1.pdf\">CONCURSO MUNICIPAL PARA PRESENTACI\u00d3N DE ACTIVIDADES CULTURALES Y PROGRAMACI\u00d3N TEATROS FNDR 8% 2024 &#8211; RESULTADOS EVALUACI\u00d3N Y OBSERVACIONES <\/a><a href=\"https:\/\/www.goremaule.cl\/goremauleVII\/wp-content\/uploads\/2024\/04\/ID-1.pdf\" class=\"wp-block-file__button\" download>Descarga<\/a><\/div>\n\n\n\n<div class=\"wp-block-file\"><a href=\"https:\/\/www.goremaule.cl\/goremauleVII\/wp-content\/uploads\/2024\/02\/RES.E.1208.pdf\">RES.E.1208<\/a><a href=\"https:\/\/www.goremaule.cl\/goremauleVII\/wp-content\/uploads\/2024\/02\/RES.E.1208.pdf\" class=\"wp-block-file__button\" download>Descarga<\/a><\/div>\n\n\n\n<div class=\"wp-block-file\"><a href=\"https:\/\/www.goremaule.cl\/goremauleVII\/wp-content\/uploads\/2024\/02\/Anexo-2.docx\">Anexo 2<\/a><a href=\"https:\/\/www.goremaule.cl\/goremauleVII\/wp-content\/uploads\/2024\/02\/Anexo-2.docx\" class=\"wp-block-file__button\" download>Descarga<\/a><\/div>\n\n\n\n<div class=\"wp-block-file\"><a href=\"https:\/\/www.goremaule.cl\/goremauleVII\/wp-content\/uploads\/2024\/02\/Anexo-3.docx\">Anexo 3<\/a><a href=\"https:\/\/www.goremaule.cl\/goremauleVII\/wp-content\/uploads\/2024\/02\/Anexo-3.docx\" class=\"wp-block-file__button\" download>Descarga<\/a><\/div>\n\n\n\n<div class=\"wp-block-file\"><a href=\"https:\/\/www.goremaule.cl\/goremauleVII\/wp-content\/uploads\/2024\/02\/Formulario-1-Cartelera-Teatro.docx\">Formulario 1 Cartelera-Teatro<\/a><a href=\"https:\/\/www.goremaule.cl\/goremauleVII\/wp-content\/uploads\/2024\/02\/Formulario-1-Cartelera-Teatro.docx\" class=\"wp-block-file__button\" download>Descarga<\/a><\/div>\n\n\n\n<div class=\"wp-block-file\"><a href=\"https:\/\/www.goremaule.cl\/goremauleVII\/wp-content\/uploads\/2024\/02\/Formulario-2-Actividades-Culturales.docx\">Formulario 2 Actividades-Culturales<\/a><a href=\"https:\/\/www.goremaule.cl\/goremauleVII\/wp-content\/uploads\/2024\/02\/Formulario-2-Actividades-Culturales.docx\" class=\"wp-block-file__button\" download>Descarga<\/a><\/div>\n\n\n\n<div class=\"wp-block-file\"><a href=\"https:\/\/www.goremaule.cl\/goremauleVII\/wp-content\/uploads\/2024\/03\/AFICHE-CONCURSO-MUNICIPIOS-SUBVENCIONES-F.N.D.R.-8-2024-1.pdf\">AFICHE CONCURSO MUNICIPIOS SUBVENCIONES F.N.D.R 8%<\/a><a href=\"https:\/\/www.goremaule.cl\/goremauleVII\/wp-content\/uploads\/2024\/03\/AFICHE-CONCURSO-MUNICIPIOS-SUBVENCIONES-F.N.D.R.-8-2024-1.pdf\" class=\"wp-block-file__button\" download>Descarga<\/a><\/div>\n\n\n\n<figure class=\"wp-block-image size-large\"><img loading=\"lazy\" decoding=\"async\" width=\"514\" height=\"839\" src=\"https:\/\/www.goremaule.cl\/goremauleVII\/wp-content\/uploads\/2024\/03\/afiche.png\" alt=\"\" class=\"wp-image-9035\" srcset=\"https:\/\/www.goremaule.cl\/goremauleVII\/wp-content\/uploads\/2024\/03\/afiche.png 514w, https:\/\/www.goremaule.cl\/goremauleVII\/wp-content\/uploads\/2024\/03\/afiche-184x300.png 184w\" sizes=\"auto, (max-width: 514px) 100vw, 514px\" \/><\/figure>\n","protected":false},"excerpt":{"rendered":"<p>Plazo para la subsanaci\u00f3n de observaciones es de Diez (10) d\u00edas corridos inici\u00e1ndose el mi\u00e9rcoles 01 de Mayo y finalizando el d\u00eda viernes 10 de mayo a las 23:59hrs., subsanaci\u00f3n que debe realizarse de la misma forma que la postulaci\u00f3n &nbsp;inicial, dirigidas a la casilla virtual del Gobierno Regional del Maule&nbsp;gestiondedocumentos@goremaule.cl.<\/p>\n","protected":false},"author":1,"featured_media":0,"parent":0,"menu_order":0,"comment_status":"closed","ping_status":"closed","template":"","meta":{"footnotes":""},"class_list":["post-9005","page","type-page","status-publish","hentry"],"_links":{"self":[{"href":"https:\/\/www.goremaule.cl\/goremauleVII\/wp-json\/wp\/v2\/pages\/9005","targetHints":{"allow":["GET"]}}],"collection":[{"href":"https:\/\/www.goremaule.cl\/goremauleVII\/wp-json\/wp\/v2\/pages"}],"about":[{"href":"https:\/\/www.goremaule.cl\/goremauleVII\/wp-json\/wp\/v2\/types\/page"}],"author":[{"embeddable":true,"href":"https:\/\/www.goremaule.cl\/goremauleVII\/wp-json\/wp\/v2\/users\/1"}],"replies":[{"embeddable":true,"href":"https:\/\/www.goremaule.cl\/goremauleVII\/wp-json\/wp\/v2\/comments?post=9005"}],"version-history":[{"count":10,"href":"https:\/\/www.goremaule.cl\/goremauleVII\/wp-json\/wp\/v2\/pages\/9005\/revisions"}],"predecessor-version":[{"id":10040,"href":"https:\/\/www.goremaule.cl\/goremauleVII\/wp-json\/wp\/v2\/pages\/9005\/revisions\/10040"}],"wp:attachment":[{"href":"https:\/\/www.goremaule.cl\/goremauleVII\/wp-json\/wp\/v2\/media?parent=9005"}],"curies":[{"name":"wp","href":"https:\/\/api.w.org\/{rel}","templated":true}]}}