{"id":5563,"date":"2022-12-07T12:30:23","date_gmt":"2022-12-07T15:30:23","guid":{"rendered":"https:\/\/www.goremaule.cl\/goremauleVII\/?page_id=5563"},"modified":"2022-12-07T12:30:23","modified_gmt":"2022-12-07T15:30:23","slug":"plan-regulador-comunal-molina","status":"publish","type":"page","link":"https:\/\/www.goremaule.cl\/goremauleVII\/plan-regulador-comunal-molina\/","title":{"rendered":"Plan Regulador Comunal Molina"},"content":{"rendered":"\n<p>El Instrumento de Planificaci\u00f3n, fue aprobado mediante Resoluci\u00f3n Afecta N\u00b0 52 de fecha 01 de junio de 2022, Toma de Raz\u00f3n por Contralor\u00eda General de la Rep\u00fablica de fecha 20 de octubre de 2022 y publicada en Diario Oficial el 07 de diciembre de 2022.<\/p>\n\n\n\n<hr class=\"wp-block-separator\"\/>\n\n\n\n<div class=\"wp-block-file\"><a href=\"https:\/\/www.goremaule.cl\/goremauleVII\/wp-content\/uploads\/2022\/12\/1.1-Publicacion-Diario-Oficial-1.pdf\">Publicaci\u00f3n Diario Oficial<\/a><a href=\"https:\/\/www.goremaule.cl\/goremauleVII\/wp-content\/uploads\/2022\/12\/1.1-Publicacion-Diario-Oficial-1.pdf\" class=\"wp-block-file__button\" download>Descarga<\/a><\/div>\n\n\n\n<div class=\"wp-block-file\"><a href=\"https:\/\/www.goremaule.cl\/goremauleVII\/wp-content\/uploads\/2022\/12\/1.2-Resolucion-N\u00b0-52-1.pdf\">Res. (A) 52<\/a><a href=\"https:\/\/www.goremaule.cl\/goremauleVII\/wp-content\/uploads\/2022\/12\/1.2-Resolucion-N\u00b0-52-1.pdf\" class=\"wp-block-file__button\" download>Descarga<\/a><\/div>\n\n\n\n<div class=\"wp-block-file\"><a href=\"https:\/\/www.goremaule.cl\/goremauleVII\/wp-content\/uploads\/2022\/12\/1.3-Ord.-E268917_2022-Contraloria-1.pdf\">Ord. E68917\/2022 de Contralor\u00eda Regional que cursa con alcance<\/a><a href=\"https:\/\/www.goremaule.cl\/goremauleVII\/wp-content\/uploads\/2022\/12\/1.3-Ord.-E268917_2022-Contraloria-1.pdf\" class=\"wp-block-file__button\" download>Descarga<\/a><\/div>\n\n\n\n<div class=\"wp-block-file\"><a href=\"https:\/\/www.goremaule.cl\/goremauleVII\/wp-content\/uploads\/2022\/12\/2.1-Ordenaza-Local-1.pdf\">Ordenanza Local<\/a><a href=\"https:\/\/www.goremaule.cl\/goremauleVII\/wp-content\/uploads\/2022\/12\/2.1-Ordenaza-Local-1.pdf\" class=\"wp-block-file__button\" download>Descarga<\/a><\/div>\n\n\n\n<div class=\"wp-block-file\"><a href=\"https:\/\/www.goremaule.cl\/goremauleVII\/wp-content\/uploads\/2022\/12\/2.1-Plano-PRCM-01M-1.pdf\">Plano Zonificaci\u00f3n PRC Molina<\/a><a href=\"https:\/\/www.goremaule.cl\/goremauleVII\/wp-content\/uploads\/2022\/12\/2.1-Plano-PRCM-01M-1.pdf\" class=\"wp-block-file__button\" download>Descarga<\/a><\/div>\n\n\n\n<div class=\"wp-block-file\"><a href=\"https:\/\/www.goremaule.cl\/goremauleVII\/wp-content\/uploads\/2022\/12\/2.2-Plano-PRCM-02L-1.pdf\">Plano Zonificaci\u00f3n PRC Lontu\u00e9<\/a><a href=\"https:\/\/www.goremaule.cl\/goremauleVII\/wp-content\/uploads\/2022\/12\/2.2-Plano-PRCM-02L-1.pdf\" class=\"wp-block-file__button\" download>Descarga<\/a><\/div>\n\n\n\n<div class=\"wp-block-file\"><a href=\"https:\/\/www.goremaule.cl\/goremauleVII\/wp-content\/uploads\/2022\/12\/2.3-Plano-PRCM-03I-1.pdf\">Plano Zonificaci\u00f3n PRC Itahue<\/a><a href=\"https:\/\/www.goremaule.cl\/goremauleVII\/wp-content\/uploads\/2022\/12\/2.3-Plano-PRCM-03I-1.pdf\" class=\"wp-block-file__button\" download>Descarga<\/a><\/div>\n\n\n\n<div class=\"wp-block-file\"><a href=\"https:\/\/www.goremaule.cl\/goremauleVII\/wp-content\/uploads\/2022\/12\/2.4-Plano-PRCM-04R-1.pdf\">Plano Zonificaci\u00f3n PRC Radal<\/a><a href=\"https:\/\/www.goremaule.cl\/goremauleVII\/wp-content\/uploads\/2022\/12\/2.4-Plano-PRCM-04R-1.pdf\" class=\"wp-block-file__button\" download>Descarga<\/a><\/div>\n\n\n\n<div class=\"wp-block-file\"><a href=\"https:\/\/www.goremaule.cl\/goremauleVII\/wp-content\/uploads\/2022\/12\/3.1-Memoria-Explicativa-1.pdf\">Memoria Explicativa<\/a><a href=\"https:\/\/www.goremaule.cl\/goremauleVII\/wp-content\/uploads\/2022\/12\/3.1-Memoria-Explicativa-1.pdf\" class=\"wp-block-file__button\" download>Descarga<\/a><\/div>\n\n\n\n<div class=\"wp-block-file\"><a href=\"https:\/\/www.goremaule.cl\/goremauleVII\/wp-content\/uploads\/2022\/12\/3.2-Lamina-1_2-El-Radal-7-Tazas-1.pdf\">L\u00e1mina 1-2 El Radal 7 Tazas<\/a><a href=\"https:\/\/www.goremaule.cl\/goremauleVII\/wp-content\/uploads\/2022\/12\/3.2-Lamina-1_2-El-Radal-7-Tazas-1.pdf\" class=\"wp-block-file__button\" download>Descarga<\/a><\/div>\n\n\n\n<div class=\"wp-block-file\"><a href=\"https:\/\/www.goremaule.cl\/goremauleVII\/wp-content\/uploads\/2022\/12\/3.3-Lamina-2_2-El-Radal-7-Tazas-1.pdf\">L\u00e1mina 2-2 El Radal 7 Tazas<\/a><a href=\"https:\/\/www.goremaule.cl\/goremauleVII\/wp-content\/uploads\/2022\/12\/3.3-Lamina-2_2-El-Radal-7-Tazas-1.pdf\" class=\"wp-block-file__button\" download>Descarga<\/a><\/div>\n\n\n\n<div class=\"wp-block-file\"><a href=\"https:\/\/www.goremaule.cl\/goremauleVII\/wp-content\/uploads\/2022\/12\/4.1-Estudio-de-Capacidad-Vial-1.pdf\">Estudio de Capacidad Vial<\/a><a href=\"https:\/\/www.goremaule.cl\/goremauleVII\/wp-content\/uploads\/2022\/12\/4.1-Estudio-de-Capacidad-Vial-1.pdf\" class=\"wp-block-file__button\" download>Descarga<\/a><\/div>\n\n\n\n<div class=\"wp-block-file\"><a href=\"https:\/\/www.goremaule.cl\/goremauleVII\/wp-content\/uploads\/2022\/12\/5.1-Estudio-Equipamiento-Comunal-1.pdf\">Estudio de Equipamiento Comunal<\/a><a href=\"https:\/\/www.goremaule.cl\/goremauleVII\/wp-content\/uploads\/2022\/12\/5.1-Estudio-Equipamiento-Comunal-1.pdf\" class=\"wp-block-file__button\" download>Descarga<\/a><\/div>\n\n\n\n<div class=\"wp-block-file\"><a href=\"https:\/\/www.goremaule.cl\/goremauleVII\/wp-content\/uploads\/2022\/12\/6.1-Estudio-de-Riesgos-1.pdf\">Estudio de Riesgos<\/a><a href=\"https:\/\/www.goremaule.cl\/goremauleVII\/wp-content\/uploads\/2022\/12\/6.1-Estudio-de-Riesgos-1.pdf\" class=\"wp-block-file__button\" download>Descarga<\/a><\/div>\n\n\n\n<div class=\"wp-block-file\"><a href=\"https:\/\/www.goremaule.cl\/goremauleVII\/wp-content\/uploads\/2022\/12\/7.1-Informe-Ambiental-1.pdf\">Informe Ambiental<\/a><a href=\"https:\/\/www.goremaule.cl\/goremauleVII\/wp-content\/uploads\/2022\/12\/7.1-Informe-Ambiental-1.pdf\" class=\"wp-block-file__button\" download>Descarga<\/a><\/div>\n\n\n\n<div class=\"wp-block-file\"><a href=\"https:\/\/www.goremaule.cl\/goremauleVII\/wp-content\/uploads\/2022\/12\/8.1-Estudio-Factibilidad-Sanitaria-1.pdf\">Estudio Factibilidad Sanitaria<\/a><a href=\"https:\/\/www.goremaule.cl\/goremauleVII\/wp-content\/uploads\/2022\/12\/8.1-Estudio-Factibilidad-Sanitaria-1.pdf\" class=\"wp-block-file__button\" download>Descarga<\/a><\/div>\n\n\n\n<div class=\"wp-block-file\"><a href=\"https:\/\/www.goremaule.cl\/goremauleVII\/wp-content\/uploads\/2022\/12\/8.2-Territorio-Operacional-Sistema-Agua-Potable-1.pdf\">Territorio Operacional Sistema Agua Potable<\/a><a href=\"https:\/\/www.goremaule.cl\/goremauleVII\/wp-content\/uploads\/2022\/12\/8.2-Territorio-Operacional-Sistema-Agua-Potable-1.pdf\" class=\"wp-block-file__button\" download>Descarga<\/a><\/div>\n\n\n\n<div class=\"wp-block-file\"><a href=\"https:\/\/www.goremaule.cl\/goremauleVII\/wp-content\/uploads\/2022\/12\/8.3-Territorio-Operacional-Sistema-Aguas-Servidas-1.pdf\">Territorio Operacional Sistema Aguas Servidas<\/a><a href=\"https:\/\/www.goremaule.cl\/goremauleVII\/wp-content\/uploads\/2022\/12\/8.3-Territorio-Operacional-Sistema-Aguas-Servidas-1.pdf\" class=\"wp-block-file__button\" download>Descarga<\/a><\/div>\n\n\n\n<p><\/p>\n","protected":false},"excerpt":{"rendered":"<p>El Instrumento de Planificaci\u00f3n, fue aprobado mediante Resoluci\u00f3n Afecta N\u00b0 52 de fecha 01 de junio de 2022, Toma de Raz\u00f3n por Contralor\u00eda General de la Rep\u00fablica de fecha 20 de octubre de 2022 y publicada en Diario Oficial el 07 de diciembre de 2022.<\/p>\n","protected":false},"author":2,"featured_media":0,"parent":0,"menu_order":0,"comment_status":"closed","ping_status":"closed","template":"","meta":{"footnotes":""},"class_list":["post-5563","page","type-page","status-publish","hentry"],"_links":{"self":[{"href":"https:\/\/www.goremaule.cl\/goremauleVII\/wp-json\/wp\/v2\/pages\/5563","targetHints":{"allow":["GET"]}}],"collection":[{"href":"https:\/\/www.goremaule.cl\/goremauleVII\/wp-json\/wp\/v2\/pages"}],"about":[{"href":"https:\/\/www.goremaule.cl\/goremauleVII\/wp-json\/wp\/v2\/types\/page"}],"author":[{"embeddable":true,"href":"https:\/\/www.goremaule.cl\/goremauleVII\/wp-json\/wp\/v2\/users\/2"}],"replies":[{"embeddable":true,"href":"https:\/\/www.goremaule.cl\/goremauleVII\/wp-json\/wp\/v2\/comments?post=5563"}],"version-history":[{"count":2,"href":"https:\/\/www.goremaule.cl\/goremauleVII\/wp-json\/wp\/v2\/pages\/5563\/revisions"}],"predecessor-version":[{"id":5565,"href":"https:\/\/www.goremaule.cl\/goremauleVII\/wp-json\/wp\/v2\/pages\/5563\/revisions\/5565"}],"wp:attachment":[{"href":"https:\/\/www.goremaule.cl\/goremauleVII\/wp-json\/wp\/v2\/media?parent=5563"}],"curies":[{"name":"wp","href":"https:\/\/api.w.org\/{rel}","templated":true}]}}