{"id":462,"date":"2021-03-08T11:26:59","date_gmt":"2021-03-08T14:26:59","guid":{"rendered":"https:\/\/www.goremaule.cl\/goremauleVII\/?page_id=462"},"modified":"2021-07-28T17:40:48","modified_gmt":"2021-07-28T21:40:48","slug":"6-primer-llamado-2021","status":"publish","type":"page","link":"https:\/\/www.goremaule.cl\/goremauleVII\/6-primer-llamado-2021\/","title":{"rendered":"6% &#8211; Primer Llamado 2021"},"content":{"rendered":"\n<hr class=\"wp-block-separator\"\/>\n\n\n\n<h4 class=\"has-text-align-center wp-block-heading\"><strong>Resultado definitivo &#8211; Actividades <strong>Seguridad Ciudadana<\/strong> A\u00f1o 2021<\/strong><\/h4>\n\n\n\n<p><strong>Actividades Seguridad Ciudadana <\/strong><\/p>\n\n\n\n<p>En cumplimiento con la Resoluci\u00f3n (E) N\u00b04167 de fecha 17.12.2020, que aprueba instructivo para concurso simultaneo On-Line de actividades Deportivas, Culturales, de seguridad ciudadana y protecci\u00f3n del Medio Ambiente y Educaci\u00f3n Ambiental a\u00f1o 2021 del Gobierno Regional del Maule.<\/p>\n\n\n\n<p class=\"has-text-align-center\"><strong><a href=\"https:\/\/www.goremaule.cl\/goremauleVII\/wp-content\/uploads\/2021\/07\/RES.2059-INICIATIVAS-SEG.-CIUDADANA_000205.pdf\" target=\"_blank\" rel=\"noreferrer noopener\">RES. (E) N\u00b0 2059 Autoriza financiamiento &#8211; INICIATIVAS SEGURIDAD CIUDADANA<\/a><\/strong><\/p>\n\n\n\n<hr class=\"wp-block-separator\"\/>\n\n\n\n<h4 class=\"has-text-align-center wp-block-heading\"><strong>Resultado definitivo &#8211; Actividades culturales A\u00f1o 2021<\/strong><\/h4>\n\n\n\n<p><strong>Actividades culturales<\/strong><\/p>\n\n\n\n<p>En cumplimiento con la Resoluci\u00f3n (E) N\u00b04167 de fecha 17.12.2020, que aprueba instructivo para concurso simultaneo On-Line de actividades Deportivas, Culturales, de seguridad ciudadana y protecci\u00f3n del Medio Ambiente y Educaci\u00f3n Ambiental a\u00f1o 2021 del Gobierno Regional del Maule.<\/p>\n\n\n\n<p class=\"has-text-align-center\"><strong><a href=\"https:\/\/www.goremaule.cl\/goremauleVII\/wp-content\/uploads\/2021\/06\/resol-1618-1.pdf\" target=\"_blank\" rel=\"noreferrer noopener\">RES. (E) N\u00b0 1618 Autoriza financiamiento &#8211; INICIATIVAS CULTURALES<\/a><\/strong><\/p>\n\n\n\n<hr class=\"wp-block-separator\"\/>\n\n\n\n<p><strong>Actividades Culturales<\/strong><\/p>\n\n\n\n<p><strong>Resultados de Evaluaci\u00f3n y Observaciones<\/strong><\/p>\n\n\n\n<p class=\"has-text-align-center\"><a href=\"https:\/\/www.goremaule.cl\/goremauleVII\/wp-content\/uploads\/2021\/06\/CULTURA-6-1.pdf\" target=\"_blank\" rel=\"noreferrer noopener\"><strong>Resultado 6% Cultura<\/strong><\/a><\/p>\n\n\n\n<p><strong>El plazo para subsanaci\u00f3n de observaciones es de 5 d\u00edas h\u00e1biles inici\u00e1ndose el d\u00eda Mi\u00e9rcoles 02 de Junio de 2021 y finalizando el d\u00eda Martes 08 de Junio de 2021 a las 23:59 Hrs. La que debe realizarse en la misma plataforma que postulo el proyecto.<\/strong>  <\/p>\n\n\n\n<hr class=\"wp-block-separator\"\/>\n\n\n\n<p><strong>Actividades de Protecci\u00f3n del Medio Ambiente y Educaci\u00f3n Ambiental<\/strong><\/p>\n\n\n\n<p class=\"has-text-align-center\"><a rel=\"noreferrer noopener\" href=\"https:\/\/www.goremaule.cl\/goremauleVII\/wp-content\/uploads\/2021\/06\/RESE1435-03-06-2021-2.pdf\" target=\"_blank\"><strong>RES(E)1435 03-06-2021<\/strong> <\/a><\/p>\n\n\n\n<p class=\"has-text-align-center\"><\/p>\n\n\n\n<p><\/p>\n\n\n\n<hr class=\"wp-block-separator\"\/>\n\n\n\n<h4 class=\"has-text-align-center wp-block-heading\"><strong>6% Primer llamado 2021 &#8211; Resultados finales<\/strong><\/h4>\n\n\n\n<hr class=\"wp-block-separator\"\/>\n\n\n\n<p><strong>Actividades de Protecci\u00f3n del Medio Ambiente y Educaci\u00f3n Ambiental<\/strong><\/p>\n\n\n\n<p>Resultados definitivo postulaci\u00f3n de iniciativas concurso simultaneo ON-LINE Protecci\u00f3n del Medio Ambiente y Educaci\u00f3n Ambiental a\u00f1o 2021<\/p>\n\n\n\n<p class=\"has-text-align-center\"><a href=\"https:\/\/www.goremaule.cl\/goremauleVII\/wp-content\/uploads\/2021\/06\/RES.-E.No-975-1617.pdf\" target=\"_blank\" rel=\"noreferrer noopener\"><strong>Resultados Finales &#8211; Res. N\u00b0 975 &#8211; 1617<\/strong><\/a><\/p>\n\n\n\n<p class=\"has-text-align-center\"><a rel=\"noreferrer noopener\" href=\"https:\/\/www.goremaule.cl\/goremauleVII\/wp-content\/uploads\/2021\/04\/MEDIO-AMBIENTE-6.pdf\" target=\"_blank\">Resultado de evaluaci\u00f3n &#8211; Actividades de Protecci\u00f3n del Medio Ambiente y Educaci\u00f3n Ambiental<\/a><\/p>\n\n\n\n<hr class=\"wp-block-separator\"\/>\n\n\n\n<p><strong>Actividades Deportivas<\/strong><\/p>\n\n\n\n<p>Resultados definitivo postulaci\u00f3n de iniciativas concurso simultaneo ON-LINE Actividades Deportivas a\u00f1o 2021<\/p>\n\n\n\n<p class=\"has-text-align-center\"><a href=\"https:\/\/www.goremaule.cl\/goremauleVII\/wp-content\/uploads\/2021\/04\/RESOLUCION-N\u00b0-920-23-ABR-2021.pdf\" target=\"_blank\" rel=\"noreferrer noopener\"><strong>Resultados Finales &#8211; Res. N\u00b0 920 <\/strong><\/a><\/p>\n\n\n\n<p class=\"has-text-align-center\"><a rel=\"noreferrer noopener\" href=\"https:\/\/www.goremaule.cl\/goremauleVII\/wp-content\/uploads\/2021\/03\/DEPORTES-6.pdf\" target=\"_blank\">Resultado de evaluaci\u00f3n &#8211; Actividades Deportivas<\/a><\/p>\n\n\n\n<\/br>\n<\/br>\n<\/br>\n\n\n\n<hr class=\"wp-block-separator\"\/>\n\n\n\n<\/br>\n<\/br>\n<\/br>\n\n\n\n\n\n<hr class=\"wp-block-separator\"\/>\n\n\n\n<p><\/p>\n\n\n\n<h2 style=\"text-align: center;\"><strong><span style=\"font-size: 18pt;\">Postulaci\u00f3n<\/span><\/strong>\n <\/h2>\n \n <p style=\"text-align: center;\"><span class=\"wf_file_text\"><a href=\"https:\/\/www.maulepro.com\/gore\/portal?p=subvenciones\" target=\"_blank\" class=\"acta_rojo\" style=\"background-color: orange;\" rel=\"noopener noreferrer\">POSTULA AQU\u00cd!<\/a><\/span>\n <\/p>\n \n <p style=\"text-align: center;\"><span class=\"wf_file_text\"><a href=\"https:\/\/www.goremaule.cl\/goremauleVII\/wp-content\/uploads\/2021\/03\/Res-E-4167.pdf\" target=\"_blank\" class=\"acta_rojo\" rel=\"noopener noreferrer\">INSTRUCTIVO &#8211; RES.(E) N\u00b04167<\/a><\/span>\n <\/p>\n\n <p style=\"text-align: center;\"><span class=\"wf_file_text\"><a href=\"https:\/\/www.goremaule.cl\/goremauleVII\/wp-content\/uploads\/2021\/03\/ManualPostulacion6porciento.pdf\" target=\"_blank\" class=\"acta_rojo\" rel=\"noopener noreferrer\">MANUAL POSTULACI\u00d3N 6% FNDR<\/a><\/span>\n <\/p>\n\n\n <h2 style=\"text-align: center;\"><strong><span style=\"font-size: 18pt;\">Manuales de difusi\u00f3n<\/span><\/strong>\n <\/h2>\n \n <p style=\"text-align: center;\"><span class=\"wf_file_text\"><a href=\"https:\/\/www.goremaule.cl\/goremauleVII\/wp-content\/uploads\/2021\/03\/Manual_de_Difusion_a\u00f1o_2021.docx\" target=\"_blank\" class=\"acta_rojo\" rel=\"noopener noreferrer\">MANUAL DE DIFUSI\u00d3N<\/a><\/span>\n <\/p>\n\n <p style=\"text-align: center;\"><span class=\"wf_file_text\"><a href=\"https:\/\/www.goremaule.cl\/goremauleVII\/wp-content\/uploads\/2021\/03\/Protocolo_de_Difusi\u00f3n.pdf\" target=\"_blank\" class=\"acta_rojo\" rel=\"noopener noreferrer\">PROTOCOLO DE DIFUSI\u00d3N<\/a><\/span>\n <\/p>\n \n <p style=\"text-align: center;\"><span class=\"wf_file_text\"><a href=\"https:\/\/www.goremaule.cl\/goremauleVII\/wp-content\/uploads\/2021\/03\/MANUAL_DE_MARCA.pdf\" target=\"_blank\" class=\"acta_rojo\" rel=\"noopener noreferrer\">MANUAL DE MARCA<\/a><\/span>\n <\/p>\n \n <h2 style=\"text-align: center;\"><strong><span style=\"font-size: 18pt;\">Instructivo rendiciones 6%<\/span><\/strong>\n <\/h2>\n\n <p style=\"text-align: center;\"><span class=\"wf_file_text\"><a href=\"https:\/\/www.goremaule.cl\/goremauleVII\/wp-content\/uploads\/2021\/03\/MANUAL_DE_RENDICIONES_DE_CUENTA.pdf\" target=\"_blank\" class=\"acta_rojo\" rel=\"noopener noreferrer\">MANUAL DE RENDICIONES DE CUENTA &#8211; RES (E) 3274<\/a><\/span>\n <\/p>\n\n <p style=\"text-align: center;\"><span class=\"wf_file_text\"><a href=\"https:\/\/www.goremaule.cl\/goremauleVII\/wp-content\/uploads\/2021\/03\/Anexos-_EJECUCION_Y_SEGUIMIENTO.docx\" target=\"_blank\" class=\"acta_rojo\" rel=\"noopener noreferrer\">ANEXO EJECUCI\u00d3N Y SEGUIMIENTO<\/a><\/span>\n <\/p>\n\n <p style=\"text-align: center;\"><span class=\"wf_file_text\"><a href=\"https:\/\/www.goremaule.cl\/goremauleVII\/wp-content\/uploads\/2021\/03\/FORMATO_ACTA_DE_CONFORMIDAD.docx\" target=\"_blank\" class=\"acta_rojo\" rel=\"noopener noreferrer\">FORMATO ACTA DE CONFORMIDAD<\/a><\/span>\n\n\n\n<p><\/p>\n","protected":false},"excerpt":{"rendered":"<p>Resultado definitivo &#8211; Actividades Seguridad Ciudadana A\u00f1o 2021 Actividades Seguridad Ciudadana En cumplimiento con la Resoluci\u00f3n (E) N\u00b04167 de fecha 17.12.2020, que aprueba instructivo para concurso simultaneo On-Line de actividades Deportivas, Culturales, de seguridad ciudadana y protecci\u00f3n del Medio Ambiente y Educaci\u00f3n Ambiental a\u00f1o 2021 del Gobierno Regional del Maule. RES. (E) N\u00b0 2059 Autoriza [&hellip;]<\/p>\n","protected":false},"author":2,"featured_media":0,"parent":0,"menu_order":0,"comment_status":"closed","ping_status":"closed","template":"","meta":{"footnotes":""},"class_list":["post-462","page","type-page","status-publish","hentry"],"_links":{"self":[{"href":"https:\/\/www.goremaule.cl\/goremauleVII\/wp-json\/wp\/v2\/pages\/462","targetHints":{"allow":["GET"]}}],"collection":[{"href":"https:\/\/www.goremaule.cl\/goremauleVII\/wp-json\/wp\/v2\/pages"}],"about":[{"href":"https:\/\/www.goremaule.cl\/goremauleVII\/wp-json\/wp\/v2\/types\/page"}],"author":[{"embeddable":true,"href":"https:\/\/www.goremaule.cl\/goremauleVII\/wp-json\/wp\/v2\/users\/2"}],"replies":[{"embeddable":true,"href":"https:\/\/www.goremaule.cl\/goremauleVII\/wp-json\/wp\/v2\/comments?post=462"}],"version-history":[{"count":29,"href":"https:\/\/www.goremaule.cl\/goremauleVII\/wp-json\/wp\/v2\/pages\/462\/revisions"}],"predecessor-version":[{"id":1830,"href":"https:\/\/www.goremaule.cl\/goremauleVII\/wp-json\/wp\/v2\/pages\/462\/revisions\/1830"}],"wp:attachment":[{"href":"https:\/\/www.goremaule.cl\/goremauleVII\/wp-json\/wp\/v2\/media?parent=462"}],"curies":[{"name":"wp","href":"https:\/\/api.w.org\/{rel}","templated":true}]}}