{"id":2664,"date":"2022-01-21T13:13:42","date_gmt":"2022-01-21T16:13:42","guid":{"rendered":"https:\/\/www.goremaule.cl\/goremauleVII\/?page_id=2664"},"modified":"2025-01-15T10:38:50","modified_gmt":"2025-01-15T13:38:50","slug":"informacion-historica-fndr-6-y-7","status":"publish","type":"page","link":"https:\/\/www.goremaule.cl\/goremauleVII\/informacion-historica-fndr-6-y-7\/","title":{"rendered":"Informaci\u00f3n Hist\u00f3rica FNDR 6%, 7% y 8%"},"content":{"rendered":"\n<h4 class=\"wp-block-heading\"><strong>A\u00f1o 2024<\/strong><\/h4>\n\n\n\n<h5 class=\"wp-block-heading\"><a href=\"https:\/\/www.goremaule.cl\/goremauleVII\/subvenciones-para-actividades-fndr-8-ano-2024\/\" data-type=\"URL\" data-id=\"https:\/\/www.goremaule.cl\/goremauleVII\/subvenciones-para-actividades-fndr-8-ano-2024\/\">Subvenciones para actividades FNDR 8% a\u00f1o 2024<\/a><\/h5>\n\n\n\n<h4 class=\"wp-block-heading\"><strong>A\u00f1o 2023<\/strong><\/h4>\n\n\n\n<h5 class=\"wp-block-heading\"><a href=\"https:\/\/www.goremaule.cl\/goremauleVII\/subvenciones-para-actividades-fndr-8-ano-2023\/\" data-type=\"URL\" data-id=\"https:\/\/www.goremaule.cl\/goremauleVII\/subvenciones-para-actividades-fndr-8-ano-2023\/\">Subvenciones para actividades FNDR 8% a\u00f1o 2023<\/a><\/h5>\n\n\n\n<h4 class=\"wp-block-heading\"><strong>A\u00f1o 2022<\/strong><\/h4>\n\n\n\n<h5 class=\"wp-block-heading\"><a href=\"https:\/\/www.goremaule.cl\/goremauleVII\/7-fndr-2022\/\">Resultados Concurso Simult\u00e1neo de Actividades Deportivas, Culturales, Seguridad Ciudadana, y de Protecci\u00f3n del Medio Ambiente y Educaci\u00f3n Ambiental<\/a><\/h5>\n\n\n\n<p><\/p>\n\n\n\n<h4 class=\"wp-block-heading\"><strong>A\u00f1o 2021<\/strong><\/h4>\n\n\n\n<h5 class=\"wp-block-heading\"><a href=\"https:\/\/www.goremaule.cl\/goremauleVII\/6-teatros-y-cartelera-cultural-municipios\/\">Teatros y Cartelera Cultural Municipios<\/a><\/h5>\n\n\n\n<h5 class=\"wp-block-heading\"><a href=\"https:\/\/www.goremaule.cl\/goremauleVII\/6-primer-llamado-2021\/\">Primer Llamado Instituciones Privadas<\/a><\/h5>\n\n\n\n<h5 class=\"wp-block-heading\"><a href=\"https:\/\/www.goremaule.cl\/goremauleVII\/6-primer-llamado-2021-instituciones-publicas\/\">Primer Llamado Instituciones P\u00fablicas<\/a><\/h5>\n\n\n\n<p><\/p>\n\n\n\n<h4 class=\"wp-block-heading\"><strong>A\u00f1o 2020<\/strong><\/h4>\n\n\n\n<h5 class=\"wp-block-heading\"><a href=\"https:\/\/www.goremaule.cl\/goremauleVII\/fndr-2do-llamado-2020\/\">Segundo Llamado<\/a><\/h5>\n\n\n\n<h5 class=\"wp-block-heading\"><a href=\"https:\/\/www.goremaule.cl\/goremauleVII\/fndr-6-2020\/\">Primer Llamado<\/a><\/h5>\n\n\n\n<div style=\"height:50px\" aria-hidden=\"true\" class=\"wp-block-spacer\"><\/div>\n\n\n\n<hr class=\"wp-block-separator\"\/>\n\n\n\n<div style=\"height:45px\" aria-hidden=\"true\" class=\"wp-block-spacer\"><\/div>\n\n\n\n<style>\n\n    .alert-success {\n    position: relative;\n    padding: 0.75rem 1.25rem;\n    margin-bottom: 1rem;\n    border: 1px solid transparent;\n    border-radius: 0.25rem;\n    color: #155724;\n    background-color: #d4edda;\n    border-color: #c3e6cb;\n}\n<\/style>\n       <div class=\"alert-success\"><h4><strong><a href=\"https:\/\/www.goremaule.cl\/goremauleVII\/analisis-de-la-inversion-historica-del-fndr\/\">An\u00e1lisis de la Inversi\u00f3n Hist\u00f3rica del FNDR<\/a><\/strong><\/4><\/div>\n","protected":false},"excerpt":{"rendered":"<p>A\u00f1o 2024 Subvenciones para actividades FNDR 8% a\u00f1o 2024 A\u00f1o 2023 Subvenciones para actividades FNDR 8% a\u00f1o 2023 A\u00f1o 2022 Resultados Concurso Simult\u00e1neo de Actividades Deportivas, Culturales, Seguridad Ciudadana, y de Protecci\u00f3n del Medio Ambiente y Educaci\u00f3n Ambiental A\u00f1o 2021 Teatros y Cartelera Cultural Municipios Primer Llamado Instituciones Privadas Primer Llamado Instituciones P\u00fablicas A\u00f1o 2020 [&hellip;]<\/p>\n","protected":false},"author":2,"featured_media":0,"parent":0,"menu_order":0,"comment_status":"closed","ping_status":"closed","template":"","meta":{"footnotes":""},"class_list":["post-2664","page","type-page","status-publish","hentry"],"_links":{"self":[{"href":"https:\/\/www.goremaule.cl\/goremauleVII\/wp-json\/wp\/v2\/pages\/2664","targetHints":{"allow":["GET"]}}],"collection":[{"href":"https:\/\/www.goremaule.cl\/goremauleVII\/wp-json\/wp\/v2\/pages"}],"about":[{"href":"https:\/\/www.goremaule.cl\/goremauleVII\/wp-json\/wp\/v2\/types\/page"}],"author":[{"embeddable":true,"href":"https:\/\/www.goremaule.cl\/goremauleVII\/wp-json\/wp\/v2\/users\/2"}],"replies":[{"embeddable":true,"href":"https:\/\/www.goremaule.cl\/goremauleVII\/wp-json\/wp\/v2\/comments?post=2664"}],"version-history":[{"count":16,"href":"https:\/\/www.goremaule.cl\/goremauleVII\/wp-json\/wp\/v2\/pages\/2664\/revisions"}],"predecessor-version":[{"id":10654,"href":"https:\/\/www.goremaule.cl\/goremauleVII\/wp-json\/wp\/v2\/pages\/2664\/revisions\/10654"}],"wp:attachment":[{"href":"https:\/\/www.goremaule.cl\/goremauleVII\/wp-json\/wp\/v2\/media?parent=2664"}],"curies":[{"name":"wp","href":"https:\/\/api.w.org\/{rel}","templated":true}]}}