{"id":2650,"date":"2022-01-21T12:45:38","date_gmt":"2022-01-21T15:45:38","guid":{"rendered":"https:\/\/www.goremaule.cl\/goremauleVII\/?page_id=2650"},"modified":"2025-02-26T09:28:24","modified_gmt":"2025-02-26T12:28:24","slug":"informacion-historica-de-tramites","status":"publish","type":"page","link":"https:\/\/www.goremaule.cl\/goremauleVII\/informacion-historica-de-tramites\/","title":{"rendered":"Informaci\u00f3n Hist\u00f3rica de Tr\u00e1mites"},"content":{"rendered":"\n<h4 class=\"wp-block-heading\"><a href=\"https:\/\/www.goremaule.cl\/goremauleVII\/informacion-historica-fndr-6-y-7\/\">FNDR 6%, 7% y 8% <\/a><\/h4>\n\n\n\n<h4 class=\"wp-block-heading\"><a href=\"https:\/\/www.goremaule.cl\/goremauleVII\/fondo-de-innovacion-para-la-competitividad-fic\/\">Fondo de Innovaci\u00f3n para la competitividad (FIC)<\/a><\/h4>\n\n\n\n<h4 class=\"wp-block-heading\"><a href=\"https:\/\/www.goremaule.cl\/goremauleVII\/informacion-historica-solicitudes-de-suspension-de-transito\/\">Solicitudes de Suspensi\u00f3n de Tr\u00e1nsito<\/a><\/h4>\n\n\n\n<h4 class=\"wp-block-heading\"><a href=\"https:\/\/www.goremaule.cl\/goremauleVII\/actividades-culturales-para-teatros-municipales\/\" data-type=\"URL\" data-id=\"https:\/\/www.goremaule.cl\/goremauleVII\/actividades-culturales-para-teatros-municipales\/\">Actividades Culturales para Teatros Municipales<\/a><\/h4>\n\n\n\n<h4 class=\"wp-block-heading\"><a href=\"https:\/\/www.goremaule.cl\/goremauleVII\/renueva-tu-micro-2\/\" data-type=\"URL\" data-id=\"https:\/\/www.goremaule.cl\/goremauleVII\/renueva-tu-micro-2\/\">Renueva Tu Micro<\/a><\/h4>\n\n\n\n<h4 class=\"wp-block-heading\"><a href=\"https:\/\/www.goremaule.cl\/goremauleVII\/renueva-tu-colectivo-2\/\" data-type=\"URL\" data-id=\"https:\/\/www.goremaule.cl\/goremauleVII\/renueva-tu-colectivo-2\/\">Renueva Tu Colectivo<\/a><\/h4>\n\n\n\n<h4 class=\"wp-block-heading\"><a href=\"https:\/\/www.goremaule.cl\/goremauleVII\/solicitudes-de-suspension-de-transito\/\" data-type=\"URL\" data-id=\"https:\/\/www.goremaule.cl\/goremauleVII\/solicitudes-de-suspension-de-transito\/\">Solicitudes de Suspensi\u00f3n de Tr\u00e1nsito<\/a><\/h4>\n\n\n\n<p><a href=\"https:\/\/www.goremaule.cl\/goremauleVII\/concurso-municipal-para-presentacion-de-actividades-culturales-y-programacion-teatros-fndr-8-2024\/\">Concurso Municipal Actividades Culturales y Programaci\u00f3n  Teatros 2024 <\/a><\/p>\n","protected":false},"excerpt":{"rendered":"<p>FNDR 6%, 7% y 8% Fondo de Innovaci\u00f3n para la competitividad (FIC) Solicitudes de Suspensi\u00f3n de Tr\u00e1nsito Actividades Culturales para Teatros Municipales Renueva Tu Micro Renueva Tu Colectivo Solicitudes de Suspensi\u00f3n de Tr\u00e1nsito Concurso Municipal Actividades Culturales y Programaci\u00f3n Teatros 2024<\/p>\n","protected":false},"author":2,"featured_media":0,"parent":0,"menu_order":0,"comment_status":"closed","ping_status":"closed","template":"","meta":{"footnotes":""},"class_list":["post-2650","page","type-page","status-publish","hentry"],"_links":{"self":[{"href":"https:\/\/www.goremaule.cl\/goremauleVII\/wp-json\/wp\/v2\/pages\/2650","targetHints":{"allow":["GET"]}}],"collection":[{"href":"https:\/\/www.goremaule.cl\/goremauleVII\/wp-json\/wp\/v2\/pages"}],"about":[{"href":"https:\/\/www.goremaule.cl\/goremauleVII\/wp-json\/wp\/v2\/types\/page"}],"author":[{"embeddable":true,"href":"https:\/\/www.goremaule.cl\/goremauleVII\/wp-json\/wp\/v2\/users\/2"}],"replies":[{"embeddable":true,"href":"https:\/\/www.goremaule.cl\/goremauleVII\/wp-json\/wp\/v2\/comments?post=2650"}],"version-history":[{"count":14,"href":"https:\/\/www.goremaule.cl\/goremauleVII\/wp-json\/wp\/v2\/pages\/2650\/revisions"}],"predecessor-version":[{"id":10872,"href":"https:\/\/www.goremaule.cl\/goremauleVII\/wp-json\/wp\/v2\/pages\/2650\/revisions\/10872"}],"wp:attachment":[{"href":"https:\/\/www.goremaule.cl\/goremauleVII\/wp-json\/wp\/v2\/media?parent=2650"}],"curies":[{"name":"wp","href":"https:\/\/api.w.org\/{rel}","templated":true}]}}