{"id":256,"date":"2021-03-05T18:11:39","date_gmt":"2021-03-05T18:11:39","guid":{"rendered":"https:\/\/www.goremaule.cl\/goremauleVII\/?page_id=256"},"modified":"2026-02-09T15:45:41","modified_gmt":"2026-02-09T18:45:41","slug":"consejeros-regionales","status":"publish","type":"page","link":"https:\/\/www.goremaule.cl\/goremauleVII\/consejeros-regionales\/","title":{"rendered":"Consejeros Regionales"},"content":{"rendered":"\n<h3 class=\"wp-block-heading\">Gobernador Regional y Presidente del Consejo Regional del Maule&nbsp;<\/h3>\n\n\n\n<h5 class=\"wp-block-heading\"><strong>Pedro Pablo \u00c1lvarez-Salamanca Ram\u00edrez<\/strong><\/h5>\n\n\n\n<figure class=\"wp-block-image size-large\"><img loading=\"lazy\" decoding=\"async\" width=\"1024\" height=\"585\" src=\"https:\/\/www.goremaule.cl\/goremauleVII\/wp-content\/uploads\/2026\/02\/10-1024x585.png\" alt=\"\" class=\"wp-image-13953\" srcset=\"https:\/\/www.goremaule.cl\/goremauleVII\/wp-content\/uploads\/2026\/02\/10-1024x585.png 1024w, https:\/\/www.goremaule.cl\/goremauleVII\/wp-content\/uploads\/2026\/02\/10-300x171.png 300w, https:\/\/www.goremaule.cl\/goremauleVII\/wp-content\/uploads\/2026\/02\/10-768x439.png 768w, https:\/\/www.goremaule.cl\/goremauleVII\/wp-content\/uploads\/2026\/02\/10-660x377.png 660w, https:\/\/www.goremaule.cl\/goremauleVII\/wp-content\/uploads\/2026\/02\/10.png 1444w\" sizes=\"auto, (max-width: 1024px) 100vw, 1024px\" \/><\/figure>\n\n\n\n\n\n<div style=\"height:20px\" aria-hidden=\"true\" class=\"wp-block-spacer\"><\/div>\n\n\n\n<h3 class=\"wp-block-heading\">Provincia de Talca<\/h3>\n\n\n\n<div style=\"height:20px\" aria-hidden=\"true\" class=\"wp-block-spacer\"><\/div>\n\n\n\n<div style=\"height:20px\" aria-hidden=\"true\" class=\"wp-block-spacer\"><\/div>\n\n\n\n<figure class=\"wp-block-image size-large\"><img loading=\"lazy\" decoding=\"async\" width=\"1024\" height=\"585\" src=\"https:\/\/www.goremaule.cl\/goremauleVII\/wp-content\/uploads\/2026\/02\/11-1024x585.png\" alt=\"\" class=\"wp-image-13954\" srcset=\"https:\/\/www.goremaule.cl\/goremauleVII\/wp-content\/uploads\/2026\/02\/11-1024x585.png 1024w, https:\/\/www.goremaule.cl\/goremauleVII\/wp-content\/uploads\/2026\/02\/11-300x171.png 300w, https:\/\/www.goremaule.cl\/goremauleVII\/wp-content\/uploads\/2026\/02\/11-768x439.png 768w, https:\/\/www.goremaule.cl\/goremauleVII\/wp-content\/uploads\/2026\/02\/11-660x377.png 660w, https:\/\/www.goremaule.cl\/goremauleVII\/wp-content\/uploads\/2026\/02\/11.png 1444w\" sizes=\"auto, (max-width: 1024px) 100vw, 1024px\" \/><\/figure>\n\n\n\n<figure class=\"wp-block-image size-large\"><img loading=\"lazy\" decoding=\"async\" width=\"1024\" height=\"585\" src=\"https:\/\/www.goremaule.cl\/goremauleVII\/wp-content\/uploads\/2026\/02\/12-1024x585.png\" alt=\"\" class=\"wp-image-13956\" srcset=\"https:\/\/www.goremaule.cl\/goremauleVII\/wp-content\/uploads\/2026\/02\/12-1024x585.png 1024w, https:\/\/www.goremaule.cl\/goremauleVII\/wp-content\/uploads\/2026\/02\/12-300x171.png 300w, https:\/\/www.goremaule.cl\/goremauleVII\/wp-content\/uploads\/2026\/02\/12-768x439.png 768w, https:\/\/www.goremaule.cl\/goremauleVII\/wp-content\/uploads\/2026\/02\/12-660x377.png 660w, https:\/\/www.goremaule.cl\/goremauleVII\/wp-content\/uploads\/2026\/02\/12.png 1444w\" sizes=\"auto, (max-width: 1024px) 100vw, 1024px\" \/><\/figure>\n\n\n\n<figure class=\"wp-block-image size-large\"><img loading=\"lazy\" decoding=\"async\" width=\"1024\" height=\"585\" src=\"https:\/\/www.goremaule.cl\/goremauleVII\/wp-content\/uploads\/2026\/02\/13-1024x585.png\" alt=\"\" class=\"wp-image-13957\" srcset=\"https:\/\/www.goremaule.cl\/goremauleVII\/wp-content\/uploads\/2026\/02\/13-1024x585.png 1024w, https:\/\/www.goremaule.cl\/goremauleVII\/wp-content\/uploads\/2026\/02\/13-300x171.png 300w, https:\/\/www.goremaule.cl\/goremauleVII\/wp-content\/uploads\/2026\/02\/13-768x439.png 768w, https:\/\/www.goremaule.cl\/goremauleVII\/wp-content\/uploads\/2026\/02\/13-660x377.png 660w, https:\/\/www.goremaule.cl\/goremauleVII\/wp-content\/uploads\/2026\/02\/13.png 1444w\" sizes=\"auto, (max-width: 1024px) 100vw, 1024px\" \/><\/figure>\n\n\n\n<figure class=\"wp-block-image size-large\"><img loading=\"lazy\" decoding=\"async\" width=\"1024\" height=\"585\" src=\"https:\/\/www.goremaule.cl\/goremauleVII\/wp-content\/uploads\/2026\/02\/14-1024x585.png\" alt=\"\" class=\"wp-image-13958\" srcset=\"https:\/\/www.goremaule.cl\/goremauleVII\/wp-content\/uploads\/2026\/02\/14-1024x585.png 1024w, https:\/\/www.goremaule.cl\/goremauleVII\/wp-content\/uploads\/2026\/02\/14-300x171.png 300w, https:\/\/www.goremaule.cl\/goremauleVII\/wp-content\/uploads\/2026\/02\/14-768x439.png 768w, https:\/\/www.goremaule.cl\/goremauleVII\/wp-content\/uploads\/2026\/02\/14-660x377.png 660w, https:\/\/www.goremaule.cl\/goremauleVII\/wp-content\/uploads\/2026\/02\/14.png 1444w\" sizes=\"auto, (max-width: 1024px) 100vw, 1024px\" \/><\/figure>\n\n\n\n<figure class=\"wp-block-image size-large\"><img loading=\"lazy\" decoding=\"async\" width=\"1024\" height=\"585\" src=\"https:\/\/www.goremaule.cl\/goremauleVII\/wp-content\/uploads\/2026\/02\/16-1024x585.png\" alt=\"\" class=\"wp-image-13959\" srcset=\"https:\/\/www.goremaule.cl\/goremauleVII\/wp-content\/uploads\/2026\/02\/16-1024x585.png 1024w, https:\/\/www.goremaule.cl\/goremauleVII\/wp-content\/uploads\/2026\/02\/16-300x171.png 300w, https:\/\/www.goremaule.cl\/goremauleVII\/wp-content\/uploads\/2026\/02\/16-768x439.png 768w, https:\/\/www.goremaule.cl\/goremauleVII\/wp-content\/uploads\/2026\/02\/16-660x377.png 660w, https:\/\/www.goremaule.cl\/goremauleVII\/wp-content\/uploads\/2026\/02\/16.png 1444w\" sizes=\"auto, (max-width: 1024px) 100vw, 1024px\" \/><\/figure>\n\n\n\n<figure class=\"wp-block-image size-large\"><img loading=\"lazy\" decoding=\"async\" width=\"1024\" height=\"585\" src=\"https:\/\/www.goremaule.cl\/goremauleVII\/wp-content\/uploads\/2026\/02\/15-1024x585.png\" alt=\"\" class=\"wp-image-13960\" srcset=\"https:\/\/www.goremaule.cl\/goremauleVII\/wp-content\/uploads\/2026\/02\/15-1024x585.png 1024w, https:\/\/www.goremaule.cl\/goremauleVII\/wp-content\/uploads\/2026\/02\/15-300x171.png 300w, https:\/\/www.goremaule.cl\/goremauleVII\/wp-content\/uploads\/2026\/02\/15-768x439.png 768w, https:\/\/www.goremaule.cl\/goremauleVII\/wp-content\/uploads\/2026\/02\/15-660x377.png 660w, https:\/\/www.goremaule.cl\/goremauleVII\/wp-content\/uploads\/2026\/02\/15.png 1444w\" sizes=\"auto, (max-width: 1024px) 100vw, 1024px\" \/><\/figure>\n\n\n\n<p><\/p>\n\n\n\n<figure class=\"wp-block-image size-large\"><img loading=\"lazy\" decoding=\"async\" width=\"1024\" height=\"585\" src=\"https:\/\/www.goremaule.cl\/goremauleVII\/wp-content\/uploads\/2026\/02\/17-1024x585.png\" alt=\"\" class=\"wp-image-13961\" srcset=\"https:\/\/www.goremaule.cl\/goremauleVII\/wp-content\/uploads\/2026\/02\/17-1024x585.png 1024w, https:\/\/www.goremaule.cl\/goremauleVII\/wp-content\/uploads\/2026\/02\/17-300x171.png 300w, https:\/\/www.goremaule.cl\/goremauleVII\/wp-content\/uploads\/2026\/02\/17-768x439.png 768w, https:\/\/www.goremaule.cl\/goremauleVII\/wp-content\/uploads\/2026\/02\/17-660x377.png 660w, https:\/\/www.goremaule.cl\/goremauleVII\/wp-content\/uploads\/2026\/02\/17.png 1444w\" sizes=\"auto, (max-width: 1024px) 100vw, 1024px\" \/><\/figure>\n\n\n\n<div style=\"height:20px\" aria-hidden=\"true\" class=\"wp-block-spacer\"><\/div>\n\n\n\n<div style=\"height:20px\" aria-hidden=\"true\" class=\"wp-block-spacer\"><\/div>\n\n\n\n<div style=\"height:20px\" aria-hidden=\"true\" class=\"wp-block-spacer\"><\/div>\n\n\n\n<div style=\"height:20px\" aria-hidden=\"true\" class=\"wp-block-spacer\"><\/div>\n\n\n\n<div style=\"height:20px\" aria-hidden=\"true\" class=\"wp-block-spacer\"><\/div>\n\n\n\n<h3 class=\"wp-block-heading\">Provincia de Curic\u00f3<\/h3>\n\n\n\n<p><\/p>\n\n\n\n<figure class=\"wp-block-image size-large\"><img loading=\"lazy\" decoding=\"async\" width=\"1024\" height=\"585\" src=\"https:\/\/www.goremaule.cl\/goremauleVII\/wp-content\/uploads\/2026\/02\/21-1024x585.png\" alt=\"\" class=\"wp-image-13962\" srcset=\"https:\/\/www.goremaule.cl\/goremauleVII\/wp-content\/uploads\/2026\/02\/21-1024x585.png 1024w, https:\/\/www.goremaule.cl\/goremauleVII\/wp-content\/uploads\/2026\/02\/21-300x171.png 300w, https:\/\/www.goremaule.cl\/goremauleVII\/wp-content\/uploads\/2026\/02\/21-768x439.png 768w, https:\/\/www.goremaule.cl\/goremauleVII\/wp-content\/uploads\/2026\/02\/21-660x377.png 660w, https:\/\/www.goremaule.cl\/goremauleVII\/wp-content\/uploads\/2026\/02\/21.png 1444w\" sizes=\"auto, (max-width: 1024px) 100vw, 1024px\" \/><\/figure>\n\n\n\n<figure class=\"wp-block-image size-large\"><img loading=\"lazy\" decoding=\"async\" width=\"1024\" height=\"585\" src=\"https:\/\/www.goremaule.cl\/goremauleVII\/wp-content\/uploads\/2026\/02\/23-1024x585.png\" alt=\"\" class=\"wp-image-13963\" srcset=\"https:\/\/www.goremaule.cl\/goremauleVII\/wp-content\/uploads\/2026\/02\/23-1024x585.png 1024w, https:\/\/www.goremaule.cl\/goremauleVII\/wp-content\/uploads\/2026\/02\/23-300x171.png 300w, https:\/\/www.goremaule.cl\/goremauleVII\/wp-content\/uploads\/2026\/02\/23-768x439.png 768w, https:\/\/www.goremaule.cl\/goremauleVII\/wp-content\/uploads\/2026\/02\/23-660x377.png 660w, https:\/\/www.goremaule.cl\/goremauleVII\/wp-content\/uploads\/2026\/02\/23.png 1444w\" sizes=\"auto, (max-width: 1024px) 100vw, 1024px\" \/><\/figure>\n\n\n\n<figure class=\"wp-block-image size-large\"><img loading=\"lazy\" decoding=\"async\" width=\"1024\" height=\"585\" src=\"https:\/\/www.goremaule.cl\/goremauleVII\/wp-content\/uploads\/2026\/02\/18-1024x585.png\" alt=\"\" class=\"wp-image-13964\" srcset=\"https:\/\/www.goremaule.cl\/goremauleVII\/wp-content\/uploads\/2026\/02\/18-1024x585.png 1024w, https:\/\/www.goremaule.cl\/goremauleVII\/wp-content\/uploads\/2026\/02\/18-300x171.png 300w, https:\/\/www.goremaule.cl\/goremauleVII\/wp-content\/uploads\/2026\/02\/18-768x439.png 768w, https:\/\/www.goremaule.cl\/goremauleVII\/wp-content\/uploads\/2026\/02\/18-660x377.png 660w, https:\/\/www.goremaule.cl\/goremauleVII\/wp-content\/uploads\/2026\/02\/18.png 1444w\" sizes=\"auto, (max-width: 1024px) 100vw, 1024px\" \/><\/figure>\n\n\n\n<figure class=\"wp-block-image size-large\"><img loading=\"lazy\" decoding=\"async\" width=\"1024\" height=\"585\" src=\"https:\/\/www.goremaule.cl\/goremauleVII\/wp-content\/uploads\/2026\/02\/20-1024x585.png\" alt=\"\" class=\"wp-image-13965\" srcset=\"https:\/\/www.goremaule.cl\/goremauleVII\/wp-content\/uploads\/2026\/02\/20-1024x585.png 1024w, https:\/\/www.goremaule.cl\/goremauleVII\/wp-content\/uploads\/2026\/02\/20-300x171.png 300w, https:\/\/www.goremaule.cl\/goremauleVII\/wp-content\/uploads\/2026\/02\/20-768x439.png 768w, https:\/\/www.goremaule.cl\/goremauleVII\/wp-content\/uploads\/2026\/02\/20-660x377.png 660w, https:\/\/www.goremaule.cl\/goremauleVII\/wp-content\/uploads\/2026\/02\/20.png 1444w\" sizes=\"auto, (max-width: 1024px) 100vw, 1024px\" \/><\/figure>\n\n\n\n<figure class=\"wp-block-image size-large\"><img loading=\"lazy\" decoding=\"async\" width=\"1024\" height=\"585\" src=\"https:\/\/www.goremaule.cl\/goremauleVII\/wp-content\/uploads\/2026\/02\/19-1024x585.png\" alt=\"\" class=\"wp-image-13966\" srcset=\"https:\/\/www.goremaule.cl\/goremauleVII\/wp-content\/uploads\/2026\/02\/19-1024x585.png 1024w, https:\/\/www.goremaule.cl\/goremauleVII\/wp-content\/uploads\/2026\/02\/19-300x171.png 300w, https:\/\/www.goremaule.cl\/goremauleVII\/wp-content\/uploads\/2026\/02\/19-768x439.png 768w, https:\/\/www.goremaule.cl\/goremauleVII\/wp-content\/uploads\/2026\/02\/19-660x377.png 660w, https:\/\/www.goremaule.cl\/goremauleVII\/wp-content\/uploads\/2026\/02\/19.png 1444w\" sizes=\"auto, (max-width: 1024px) 100vw, 1024px\" \/><\/figure>\n\n\n\n<figure class=\"wp-block-image size-large\"><img loading=\"lazy\" decoding=\"async\" width=\"1024\" height=\"585\" src=\"https:\/\/www.goremaule.cl\/goremauleVII\/wp-content\/uploads\/2026\/02\/22-1024x585.png\" alt=\"\" class=\"wp-image-13967\" srcset=\"https:\/\/www.goremaule.cl\/goremauleVII\/wp-content\/uploads\/2026\/02\/22-1024x585.png 1024w, https:\/\/www.goremaule.cl\/goremauleVII\/wp-content\/uploads\/2026\/02\/22-300x171.png 300w, https:\/\/www.goremaule.cl\/goremauleVII\/wp-content\/uploads\/2026\/02\/22-768x439.png 768w, https:\/\/www.goremaule.cl\/goremauleVII\/wp-content\/uploads\/2026\/02\/22-660x377.png 660w, https:\/\/www.goremaule.cl\/goremauleVII\/wp-content\/uploads\/2026\/02\/22.png 1444w\" sizes=\"auto, (max-width: 1024px) 100vw, 1024px\" \/><\/figure>\n\n\n\n<div style=\"height:20px\" aria-hidden=\"true\" class=\"wp-block-spacer\"><\/div>\n\n\n\n<h3 class=\"wp-block-heading\">Provincia de Linares<\/h3>\n\n\n\n<p><\/p>\n\n\n\n<figure class=\"wp-block-image size-large\"><img loading=\"lazy\" decoding=\"async\" width=\"1024\" height=\"585\" src=\"https:\/\/www.goremaule.cl\/goremauleVII\/wp-content\/uploads\/2026\/02\/27-1024x585.png\" alt=\"\" class=\"wp-image-13968\" srcset=\"https:\/\/www.goremaule.cl\/goremauleVII\/wp-content\/uploads\/2026\/02\/27-1024x585.png 1024w, https:\/\/www.goremaule.cl\/goremauleVII\/wp-content\/uploads\/2026\/02\/27-300x171.png 300w, https:\/\/www.goremaule.cl\/goremauleVII\/wp-content\/uploads\/2026\/02\/27-768x439.png 768w, https:\/\/www.goremaule.cl\/goremauleVII\/wp-content\/uploads\/2026\/02\/27-660x377.png 660w, https:\/\/www.goremaule.cl\/goremauleVII\/wp-content\/uploads\/2026\/02\/27.png 1444w\" sizes=\"auto, (max-width: 1024px) 100vw, 1024px\" \/><\/figure>\n\n\n\n<figure class=\"wp-block-image size-large\"><img loading=\"lazy\" decoding=\"async\" width=\"1024\" height=\"585\" src=\"https:\/\/www.goremaule.cl\/goremauleVII\/wp-content\/uploads\/2026\/02\/26-1024x585.png\" alt=\"\" class=\"wp-image-13969\" srcset=\"https:\/\/www.goremaule.cl\/goremauleVII\/wp-content\/uploads\/2026\/02\/26-1024x585.png 1024w, https:\/\/www.goremaule.cl\/goremauleVII\/wp-content\/uploads\/2026\/02\/26-300x171.png 300w, https:\/\/www.goremaule.cl\/goremauleVII\/wp-content\/uploads\/2026\/02\/26-768x439.png 768w, https:\/\/www.goremaule.cl\/goremauleVII\/wp-content\/uploads\/2026\/02\/26-660x377.png 660w, https:\/\/www.goremaule.cl\/goremauleVII\/wp-content\/uploads\/2026\/02\/26.png 1444w\" sizes=\"auto, (max-width: 1024px) 100vw, 1024px\" \/><\/figure>\n\n\n\n<figure class=\"wp-block-image size-large\"><img loading=\"lazy\" decoding=\"async\" width=\"1024\" height=\"585\" src=\"https:\/\/www.goremaule.cl\/goremauleVII\/wp-content\/uploads\/2026\/02\/25-1024x585.png\" alt=\"\" class=\"wp-image-13970\" srcset=\"https:\/\/www.goremaule.cl\/goremauleVII\/wp-content\/uploads\/2026\/02\/25-1024x585.png 1024w, https:\/\/www.goremaule.cl\/goremauleVII\/wp-content\/uploads\/2026\/02\/25-300x171.png 300w, https:\/\/www.goremaule.cl\/goremauleVII\/wp-content\/uploads\/2026\/02\/25-768x439.png 768w, https:\/\/www.goremaule.cl\/goremauleVII\/wp-content\/uploads\/2026\/02\/25-660x377.png 660w, https:\/\/www.goremaule.cl\/goremauleVII\/wp-content\/uploads\/2026\/02\/25.png 1444w\" sizes=\"auto, (max-width: 1024px) 100vw, 1024px\" \/><\/figure>\n\n\n\n<figure class=\"wp-block-image size-large\"><img loading=\"lazy\" decoding=\"async\" width=\"1024\" height=\"585\" src=\"https:\/\/www.goremaule.cl\/goremauleVII\/wp-content\/uploads\/2026\/02\/24-1024x585.png\" alt=\"\" class=\"wp-image-13971\" srcset=\"https:\/\/www.goremaule.cl\/goremauleVII\/wp-content\/uploads\/2026\/02\/24-1024x585.png 1024w, https:\/\/www.goremaule.cl\/goremauleVII\/wp-content\/uploads\/2026\/02\/24-300x171.png 300w, https:\/\/www.goremaule.cl\/goremauleVII\/wp-content\/uploads\/2026\/02\/24-768x439.png 768w, https:\/\/www.goremaule.cl\/goremauleVII\/wp-content\/uploads\/2026\/02\/24-660x377.png 660w, https:\/\/www.goremaule.cl\/goremauleVII\/wp-content\/uploads\/2026\/02\/24.png 1444w\" sizes=\"auto, (max-width: 1024px) 100vw, 1024px\" \/><\/figure>\n\n\n\n<figure class=\"wp-block-image size-large\"><img loading=\"lazy\" decoding=\"async\" width=\"1024\" height=\"585\" src=\"https:\/\/www.goremaule.cl\/goremauleVII\/wp-content\/uploads\/2026\/02\/28-1024x585.png\" alt=\"\" class=\"wp-image-13972\" srcset=\"https:\/\/www.goremaule.cl\/goremauleVII\/wp-content\/uploads\/2026\/02\/28-1024x585.png 1024w, https:\/\/www.goremaule.cl\/goremauleVII\/wp-content\/uploads\/2026\/02\/28-300x171.png 300w, https:\/\/www.goremaule.cl\/goremauleVII\/wp-content\/uploads\/2026\/02\/28-768x439.png 768w, https:\/\/www.goremaule.cl\/goremauleVII\/wp-content\/uploads\/2026\/02\/28-660x377.png 660w, https:\/\/www.goremaule.cl\/goremauleVII\/wp-content\/uploads\/2026\/02\/28.png 1444w\" sizes=\"auto, (max-width: 1024px) 100vw, 1024px\" \/><\/figure>\n\n\n\n<p><\/p>\n\n\n\n<h3 class=\"wp-block-heading\">Provincia de Cauquenes<\/h3>\n\n\n\n<figure class=\"wp-block-image size-large\"><img loading=\"lazy\" decoding=\"async\" width=\"1024\" height=\"585\" src=\"https:\/\/www.goremaule.cl\/goremauleVII\/wp-content\/uploads\/2026\/02\/29-1024x585.png\" alt=\"\" class=\"wp-image-13973\" srcset=\"https:\/\/www.goremaule.cl\/goremauleVII\/wp-content\/uploads\/2026\/02\/29-1024x585.png 1024w, https:\/\/www.goremaule.cl\/goremauleVII\/wp-content\/uploads\/2026\/02\/29-300x171.png 300w, https:\/\/www.goremaule.cl\/goremauleVII\/wp-content\/uploads\/2026\/02\/29-768x439.png 768w, https:\/\/www.goremaule.cl\/goremauleVII\/wp-content\/uploads\/2026\/02\/29-660x377.png 660w, https:\/\/www.goremaule.cl\/goremauleVII\/wp-content\/uploads\/2026\/02\/29.png 1444w\" sizes=\"auto, (max-width: 1024px) 100vw, 1024px\" \/><\/figure>\n\n\n\n<p><\/p>\n\n\n\n<figure class=\"wp-block-image size-large\"><img loading=\"lazy\" decoding=\"async\" width=\"1024\" height=\"585\" src=\"https:\/\/www.goremaule.cl\/goremauleVII\/wp-content\/uploads\/2026\/02\/30-1024x585.png\" alt=\"\" class=\"wp-image-13974\" srcset=\"https:\/\/www.goremaule.cl\/goremauleVII\/wp-content\/uploads\/2026\/02\/30-1024x585.png 1024w, https:\/\/www.goremaule.cl\/goremauleVII\/wp-content\/uploads\/2026\/02\/30-300x171.png 300w, https:\/\/www.goremaule.cl\/goremauleVII\/wp-content\/uploads\/2026\/02\/30-768x439.png 768w, https:\/\/www.goremaule.cl\/goremauleVII\/wp-content\/uploads\/2026\/02\/30-660x377.png 660w, https:\/\/www.goremaule.cl\/goremauleVII\/wp-content\/uploads\/2026\/02\/30.png 1444w\" sizes=\"auto, (max-width: 1024px) 100vw, 1024px\" \/><\/figure>\n\n\n\n<div style=\"height:20px\" aria-hidden=\"true\" class=\"wp-block-spacer\"><\/div>\n\n\n\n<div style=\"height:20px\" aria-hidden=\"true\" class=\"wp-block-spacer\"><\/div>\n\n\n\n<hr class=\"wp-block-separator\"\/>\n\n\n\n<p><\/p>\n","protected":false},"excerpt":{"rendered":"<p>Gobernador Regional y Presidente del Consejo Regional del Maule&nbsp; Pedro Pablo \u00c1lvarez-Salamanca Ram\u00edrez Provincia de Talca Provincia de Curic\u00f3 Provincia de Linares Provincia de Cauquenes<\/p>\n","protected":false},"author":2,"featured_media":0,"parent":0,"menu_order":0,"comment_status":"closed","ping_status":"closed","template":"","meta":{"footnotes":""},"class_list":["post-256","page","type-page","status-publish","hentry"],"_links":{"self":[{"href":"https:\/\/www.goremaule.cl\/goremauleVII\/wp-json\/wp\/v2\/pages\/256","targetHints":{"allow":["GET"]}}],"collection":[{"href":"https:\/\/www.goremaule.cl\/goremauleVII\/wp-json\/wp\/v2\/pages"}],"about":[{"href":"https:\/\/www.goremaule.cl\/goremauleVII\/wp-json\/wp\/v2\/types\/page"}],"author":[{"embeddable":true,"href":"https:\/\/www.goremaule.cl\/goremauleVII\/wp-json\/wp\/v2\/users\/2"}],"replies":[{"embeddable":true,"href":"https:\/\/www.goremaule.cl\/goremauleVII\/wp-json\/wp\/v2\/comments?post=256"}],"version-history":[{"count":42,"href":"https:\/\/www.goremaule.cl\/goremauleVII\/wp-json\/wp\/v2\/pages\/256\/revisions"}],"predecessor-version":[{"id":13975,"href":"https:\/\/www.goremaule.cl\/goremauleVII\/wp-json\/wp\/v2\/pages\/256\/revisions\/13975"}],"wp:attachment":[{"href":"https:\/\/www.goremaule.cl\/goremauleVII\/wp-json\/wp\/v2\/media?parent=256"}],"curies":[{"name":"wp","href":"https:\/\/api.w.org\/{rel}","templated":true}]}}