{"id":2481,"date":"2021-12-15T15:54:21","date_gmt":"2021-12-15T18:54:21","guid":{"rendered":"https:\/\/www.goremaule.cl\/goremauleVII\/?page_id=2481"},"modified":"2022-01-13T11:32:03","modified_gmt":"2022-01-13T14:32:03","slug":"analisis-de-la-inversion-historica-del-fndr","status":"publish","type":"page","link":"https:\/\/www.goremaule.cl\/goremauleVII\/analisis-de-la-inversion-historica-del-fndr\/","title":{"rendered":"An\u00e1lisis de la inversi\u00f3n hist\u00f3rica del FNDR"},"content":{"rendered":"\n<div class=\"wp-block-file\"><a href=\"https:\/\/www.goremaule.cl\/goremauleVII\/wp-content\/uploads\/2022\/01\/Informe-Inversion-historica-FNDR.pdf\">Informe FNDR 2010-2020<\/a><a href=\"https:\/\/www.goremaule.cl\/goremauleVII\/wp-content\/uploads\/2022\/01\/Informe-Inversion-historica-FNDR.pdf\" class=\"wp-block-file__button\" download>Descarga<\/a><\/div>\n","protected":false},"excerpt":{"rendered":"","protected":false},"author":1,"featured_media":0,"parent":0,"menu_order":0,"comment_status":"closed","ping_status":"closed","template":"","meta":{"footnotes":""},"class_list":["post-2481","page","type-page","status-publish","hentry"],"_links":{"self":[{"href":"https:\/\/www.goremaule.cl\/goremauleVII\/wp-json\/wp\/v2\/pages\/2481","targetHints":{"allow":["GET"]}}],"collection":[{"href":"https:\/\/www.goremaule.cl\/goremauleVII\/wp-json\/wp\/v2\/pages"}],"about":[{"href":"https:\/\/www.goremaule.cl\/goremauleVII\/wp-json\/wp\/v2\/types\/page"}],"author":[{"embeddable":true,"href":"https:\/\/www.goremaule.cl\/goremauleVII\/wp-json\/wp\/v2\/users\/1"}],"replies":[{"embeddable":true,"href":"https:\/\/www.goremaule.cl\/goremauleVII\/wp-json\/wp\/v2\/comments?post=2481"}],"version-history":[{"count":3,"href":"https:\/\/www.goremaule.cl\/goremauleVII\/wp-json\/wp\/v2\/pages\/2481\/revisions"}],"predecessor-version":[{"id":2594,"href":"https:\/\/www.goremaule.cl\/goremauleVII\/wp-json\/wp\/v2\/pages\/2481\/revisions\/2594"}],"wp:attachment":[{"href":"https:\/\/www.goremaule.cl\/goremauleVII\/wp-json\/wp\/v2\/media?parent=2481"}],"curies":[{"name":"wp","href":"https:\/\/api.w.org\/{rel}","templated":true}]}}