{"id":2255,"date":"2021-10-21T11:11:49","date_gmt":"2021-10-21T14:11:49","guid":{"rendered":"https:\/\/www.goremaule.cl\/goremauleVII\/?page_id=2255"},"modified":"2021-10-27T11:50:19","modified_gmt":"2021-10-27T14:50:19","slug":"informes-finales","status":"publish","type":"page","link":"https:\/\/www.goremaule.cl\/goremauleVII\/informes-finales\/","title":{"rendered":"Biblioteca virtual de Informes Finales de Programas financiados por el FNDR"},"content":{"rendered":"\n<p class=\"has-text-align-center\"><strong>La presente biblioteca corresponde a los informes finales aprobados durante el a\u00f1o 2021, correspondientes a programas de fomento productivo e innovaci\u00f3n, financiados con el Fondo Nacional de Desarrollo Regional &#8211; FNDR del Gobierno Regional del Maule<\/strong><\/p>\n\n\n\n<hr class=\"wp-block-separator\"\/>\n\n\n\n<div class=\"wp-block-file\"><a href=\"https:\/\/www.goremaule.cl\/goremauleVII\/wp-content\/uploads\/2021\/10\/Agricultura-mas-inocua-INIA.pdf\">TRANSFERENCIA AGRICULTURA M\u00c1S SOSTENIBLE Y M\u00c1S INOCUA<\/a><a href=\"https:\/\/www.goremaule.cl\/goremauleVII\/wp-content\/uploads\/2021\/10\/Agricultura-mas-inocua-INIA.pdf\" class=\"wp-block-file__button\" download>Descarga<\/a><\/div>\n\n\n\n<div class=\"wp-block-file\"><a href=\"https:\/\/www.goremaule.cl\/goremauleVII\/wp-content\/uploads\/2021\/10\/Calidad-de-Vinos-INIA.pdf\">TRANSFERENCIA INCREMENTO DE LA CALIDAD DE LOS VINOS DE CAUQUENES<\/a><a href=\"https:\/\/www.goremaule.cl\/goremauleVII\/wp-content\/uploads\/2021\/10\/Calidad-de-Vinos-INIA.pdf\" class=\"wp-block-file__button\" download>Descarga<\/a><\/div>\n\n\n\n<div class=\"wp-block-file\"><a href=\"https:\/\/www.goremaule.cl\/goremauleVII\/wp-content\/uploads\/2021\/10\/Cubiertas-de-cerezo-INDAP.pdf\">TRANSFERENCIA CUBIERTAS EN CEREZOS EN LA REGI\u00d3N<\/a><a href=\"https:\/\/www.goremaule.cl\/goremauleVII\/wp-content\/uploads\/2021\/10\/Cubiertas-de-cerezo-INDAP.pdf\" class=\"wp-block-file__button\" download>Descarga<\/a><\/div>\n\n\n\n<div class=\"wp-block-file\"><a href=\"https:\/\/www.goremaule.cl\/goremauleVII\/wp-content\/uploads\/2021\/10\/Cultivo-de-frutilla-INIA.pdf\">TRANSFERENCIA MEJORAMIENTO DEL CULTIVO DE FRUTILLAS<\/a><a href=\"https:\/\/www.goremaule.cl\/goremauleVII\/wp-content\/uploads\/2021\/10\/Cultivo-de-frutilla-INIA.pdf\" class=\"wp-block-file__button\" download>Descarga<\/a><\/div>\n\n\n\n<div class=\"wp-block-file\"><a href=\"https:\/\/www.goremaule.cl\/goremauleVII\/wp-content\/uploads\/2021\/10\/Endofitos-nativos-para-control-de-plagas-INIA.pdf\">TRANSFERENCIA END\u00d3FITOS NATIVOS PARA EL MANEJO DE PLAGAS<\/a><a href=\"https:\/\/www.goremaule.cl\/goremauleVII\/wp-content\/uploads\/2021\/10\/Endofitos-nativos-para-control-de-plagas-INIA.pdf\" class=\"wp-block-file__button\" download>Descarga<\/a><\/div>\n\n\n\n<div class=\"wp-block-file\"><a href=\"https:\/\/www.goremaule.cl\/goremauleVII\/wp-content\/uploads\/2021\/10\/Estimacion-de-Caudales-Estivales-UCHILE.pdf\">TRANSFERENCIA PRON\u00d3STICO DE CAUDALES ESTIVALES<\/a><a href=\"https:\/\/www.goremaule.cl\/goremauleVII\/wp-content\/uploads\/2021\/10\/Estimacion-de-Caudales-Estivales-UCHILE.pdf\" class=\"wp-block-file__button\" download>Descarga<\/a><\/div>\n\n\n\n<div class=\"wp-block-file\"><a href=\"https:\/\/www.goremaule.cl\/goremauleVII\/wp-content\/uploads\/2021\/10\/Estrategia-Regional-de-Innovacion-ANID.pdf\">TRANSFERENCIA ESTRATEGIA REGIONAL DE INNOVACI\u00d3N<\/a><a href=\"https:\/\/www.goremaule.cl\/goremauleVII\/wp-content\/uploads\/2021\/10\/Estrategia-Regional-de-Innovacion-ANID.pdf\" class=\"wp-block-file__button\" download>Descarga<\/a><\/div>\n\n\n\n<div class=\"wp-block-file\"><a href=\"https:\/\/www.goremaule.cl\/goremauleVII\/wp-content\/uploads\/2021\/10\/Fab-Lab-UTALCA.pdf\">TRANSFERENCIA CENTRO MULTIDISCIPLINARIO DE INNOVACI\u00d3N FAB LAB<\/a><a href=\"https:\/\/www.goremaule.cl\/goremauleVII\/wp-content\/uploads\/2021\/10\/Fab-Lab-UTALCA.pdf\" class=\"wp-block-file__button\" download>Descarga<\/a><\/div>\n\n\n\n<div class=\"wp-block-file\"><a href=\"https:\/\/www.goremaule.cl\/goremauleVII\/wp-content\/uploads\/2021\/10\/Fortalecimiento-de-Comercializacion-en-Microempresarias-SERNAMEG.pdf\">TRANSFERENCIA FORTALECIMIENTO COMERCIALIZACI\u00d3N EN MICROEMPRESARIAS ZR<\/a><a href=\"https:\/\/www.goremaule.cl\/goremauleVII\/wp-content\/uploads\/2021\/10\/Fortalecimiento-de-Comercializacion-en-Microempresarias-SERNAMEG.pdf\" class=\"wp-block-file__button\" download>Descarga<\/a><\/div>\n\n\n\n<div class=\"wp-block-file\"><a href=\"https:\/\/www.goremaule.cl\/goremauleVII\/wp-content\/uploads\/2021\/10\/Fortalecimiento-Productivo-Comercial-de-empresa-Campesina-INDAP.pdf\">TRANSFERENCIA FORTALECIMIENTO PRODUCTIVO COMERCIAL EMPRESAS CAMPESINA<\/a><a href=\"https:\/\/www.goremaule.cl\/goremauleVII\/wp-content\/uploads\/2021\/10\/Fortalecimiento-Productivo-Comercial-de-empresa-Campesina-INDAP.pdf\" class=\"wp-block-file__button\" download>Descarga<\/a><\/div>\n\n\n\n<div class=\"wp-block-file\"><a href=\"https:\/\/www.goremaule.cl\/goremauleVII\/wp-content\/uploads\/2021\/10\/Incendios-Forestales-CONAF.pdf\">PROGRAMA PREVENCI\u00d3N DE INCENDIOS FORESTALES EN EL MAULE<\/a><a href=\"https:\/\/www.goremaule.cl\/goremauleVII\/wp-content\/uploads\/2021\/10\/Incendios-Forestales-CONAF.pdf\" class=\"wp-block-file__button\" download>Descarga<\/a><\/div>\n\n\n\n<div class=\"wp-block-file\"><a href=\"https:\/\/www.goremaule.cl\/goremauleVII\/wp-content\/uploads\/2021\/10\/Intervencion-en-emprendimiento-con-enfoque-de-genero-SERNAMEG.pdf\">CAPACITACI\u00d3N INTERVENCI\u00d3N EN EMPRENDIMIENTO CON ENFOQUE DE G\u00c9NERO: F<\/a><a href=\"https:\/\/www.goremaule.cl\/goremauleVII\/wp-content\/uploads\/2021\/10\/Intervencion-en-emprendimiento-con-enfoque-de-genero-SERNAMEG.pdf\" class=\"wp-block-file__button\" download>Descarga<\/a><\/div>\n\n\n\n<div class=\"wp-block-file\"><a href=\"https:\/\/www.goremaule.cl\/goremauleVII\/wp-content\/uploads\/2021\/10\/Invernadero-Israeli-INDAP.pdf\">TRANSFERENCIA INVERNADERO ISRAEL\u00cd PARA PRODUCIR HORTALIZAS Y FLORES<\/a><a href=\"https:\/\/www.goremaule.cl\/goremauleVII\/wp-content\/uploads\/2021\/10\/Invernadero-Israeli-INDAP.pdf\" class=\"wp-block-file__button\" download>Descarga<\/a><\/div>\n\n\n\n<div class=\"wp-block-file\"><a href=\"https:\/\/www.goremaule.cl\/goremauleVII\/wp-content\/uploads\/2021\/10\/Marca-Colectiva-de-Espumantes-UTALCA.pdf\">TRANSFERENCIA MARCA COLECTIVA PARA COMERCIALIZACI\u00d3N DE ESPUMANTES<\/a><a href=\"https:\/\/www.goremaule.cl\/goremauleVII\/wp-content\/uploads\/2021\/10\/Marca-Colectiva-de-Espumantes-UTALCA.pdf\" class=\"wp-block-file__button\" download>Descarga<\/a><\/div>\n\n\n\n<div class=\"wp-block-file\"><a href=\"https:\/\/www.goremaule.cl\/goremauleVII\/wp-content\/uploads\/2021\/10\/Programa-de-apoyo-a-los-pescadores-Artesanales-SERCOTEC.pdf\">TRANSFERENCIA PROGRAMA DE APOYO A PESCADORES ARTESANALES DEL R\u00cdO MAULE, COMUNA DE CONSTITUCI\u00d3N<\/a><a href=\"https:\/\/www.goremaule.cl\/goremauleVII\/wp-content\/uploads\/2021\/10\/Programa-de-apoyo-a-los-pescadores-Artesanales-SERCOTEC.pdf\" class=\"wp-block-file__button\" download>Descarga<\/a><\/div>\n\n\n\n<div class=\"wp-block-file\"><a href=\"https:\/\/www.goremaule.cl\/goremauleVII\/wp-content\/uploads\/2021\/10\/Sistema-de-alerta-temprana-de-heladas-UTALCA.pdf\">TRANSFERENCIA SISTEMA DE ALERTA TEMPRANA Y SECTORIZADA DE HELADAS<\/a><a href=\"https:\/\/www.goremaule.cl\/goremauleVII\/wp-content\/uploads\/2021\/10\/Sistema-de-alerta-temprana-de-heladas-UTALCA.pdf\" class=\"wp-block-file__button\" download>Descarga<\/a><\/div>\n\n\n\n<div class=\"wp-block-file\"><a href=\"https:\/\/www.goremaule.cl\/goremauleVII\/wp-content\/uploads\/2021\/10\/Software-de-salud-Mental-UTALCA.pdf\">TRANSFERENCIA INNOVACI\u00d3N SOCIAL MEDIANTE SOFTWARE PARA DETECCI\u00d3N DE RIESGO DE TRASTORNO DE SALUD MENTAL PARA ADOLESCENTES<\/a><a href=\"https:\/\/www.goremaule.cl\/goremauleVII\/wp-content\/uploads\/2021\/10\/Software-de-salud-Mental-UTALCA.pdf\" class=\"wp-block-file__button\" download>Descarga<\/a><\/div>\n\n\n\n<div class=\"wp-block-file\"><a href=\"https:\/\/www.goremaule.cl\/goremauleVII\/wp-content\/uploads\/2021\/10\/Telerehabilitacion-para-paralisis-UTALCA.pdf\">TRANSFERENCIA IMPLEMENTACI\u00d3N DE UN PROGRAMA DE EJERCICIOS DE TELEREHABILITACI\u00d3N PARA PARALISIS CEREBRAL Y PARA ADULTOS MAYORES<\/a><a href=\"https:\/\/www.goremaule.cl\/goremauleVII\/wp-content\/uploads\/2021\/10\/Telerehabilitacion-para-paralisis-UTALCA.pdf\" class=\"wp-block-file__button\" download>Descarga<\/a><\/div>\n","protected":false},"excerpt":{"rendered":"<p>La presente biblioteca corresponde a los informes finales aprobados durante el a\u00f1o 2021, correspondientes a programas de fomento productivo e innovaci\u00f3n, financiados con el Fondo Nacional de Desarrollo Regional &#8211; FNDR del Gobierno Regional del Maule<\/p>\n","protected":false},"author":1,"featured_media":0,"parent":0,"menu_order":0,"comment_status":"closed","ping_status":"closed","template":"","meta":{"footnotes":""},"class_list":["post-2255","page","type-page","status-publish","hentry"],"_links":{"self":[{"href":"https:\/\/www.goremaule.cl\/goremauleVII\/wp-json\/wp\/v2\/pages\/2255","targetHints":{"allow":["GET"]}}],"collection":[{"href":"https:\/\/www.goremaule.cl\/goremauleVII\/wp-json\/wp\/v2\/pages"}],"about":[{"href":"https:\/\/www.goremaule.cl\/goremauleVII\/wp-json\/wp\/v2\/types\/page"}],"author":[{"embeddable":true,"href":"https:\/\/www.goremaule.cl\/goremauleVII\/wp-json\/wp\/v2\/users\/1"}],"replies":[{"embeddable":true,"href":"https:\/\/www.goremaule.cl\/goremauleVII\/wp-json\/wp\/v2\/comments?post=2255"}],"version-history":[{"count":4,"href":"https:\/\/www.goremaule.cl\/goremauleVII\/wp-json\/wp\/v2\/pages\/2255\/revisions"}],"predecessor-version":[{"id":2304,"href":"https:\/\/www.goremaule.cl\/goremauleVII\/wp-json\/wp\/v2\/pages\/2255\/revisions\/2304"}],"wp:attachment":[{"href":"https:\/\/www.goremaule.cl\/goremauleVII\/wp-json\/wp\/v2\/media?parent=2255"}],"curies":[{"name":"wp","href":"https:\/\/api.w.org\/{rel}","templated":true}]}}