{"id":1647,"date":"2021-06-24T00:10:59","date_gmt":"2021-06-24T04:10:59","guid":{"rendered":"https:\/\/www.goremaule.cl\/goremauleVII\/?page_id=1647"},"modified":"2021-08-19T11:15:34","modified_gmt":"2021-08-19T15:15:34","slug":"6-primer-llamado-2021-instituciones-publicas","status":"publish","type":"page","link":"https:\/\/www.goremaule.cl\/goremauleVII\/6-primer-llamado-2021-instituciones-publicas\/","title":{"rendered":"6% Primer llamado 2021 &#8211; Instituciones P\u00fablicas"},"content":{"rendered":"\n<p class=\"has-text-align-center\"><strong>Plazo de postulaci\u00f3n de iniciativas 10 d\u00edas h\u00e1biles contados desde el viernes 25 de junio hasta el viernes 09 de Julio de 2021 (23:59Hrs)<\/strong><\/p>\n\n\n\n<p class=\"has-text-align-center\"><a href=\"https:\/\/www.goremaule.cl\/goremauleVII\/wp-content\/uploads\/2021\/06\/FORMULARIO-SEGURIDAD-CIUDADANA-PU\u0301BLICO-CONCURSO-2021-1.doc\" target=\"_blank\" rel=\"noreferrer noopener\"><strong>FORMULARIO SEGURIDAD CIUDADANA 2021 <\/strong>(Descarga)<\/a><\/p>\n\n\n\n<p class=\"has-text-align-center\"><strong><a rel=\"noreferrer noopener\" href=\"https:\/\/www.goremaule.cl\/goremauleVII\/wp-content\/uploads\/2021\/06\/RES.1588-APRUEBA-INSTRUCTIVO-SEG.-CIUDADANA-INST.-PUB._000066-1-1.pdf\" target=\"_blank\">RES.(E) N\u00b0 1588 APRUEBA INSTRUCTIVO SEGURIDAD CIUDADANA <\/a><\/strong><\/p>\n\n\n\n<p class=\"has-text-align-center\"><strong><a href=\"https:\/\/www.goremaule.cl\/goremauleVII\/wp-content\/uploads\/2021\/08\/RES.2399-DECLARA-INADMISIB.-SEG.-CIUDADANA_000232.pdf\" target=\"_blank\" rel=\"noreferrer noopener\">RES.(E) N\u00b0 2399 DECLARA INADMISIBILIDAD &#8211; ACTIVIDADES SEGURIDAD CIUDADANA PARA INSTITUCIONES P\u00daBLICAS<\/a><\/strong><\/p>\n\n\n\n<div class=\"wp-block-image\"><figure class=\"aligncenter size-large\"><img loading=\"lazy\" decoding=\"async\" width=\"463\" height=\"726\" src=\"https:\/\/www.goremaule.cl\/goremauleVII\/wp-content\/uploads\/2021\/06\/AVISO_SEG_CIUDADANA.png\" alt=\"\" class=\"wp-image-1650\" srcset=\"https:\/\/www.goremaule.cl\/goremauleVII\/wp-content\/uploads\/2021\/06\/AVISO_SEG_CIUDADANA.png 463w, https:\/\/www.goremaule.cl\/goremauleVII\/wp-content\/uploads\/2021\/06\/AVISO_SEG_CIUDADANA-191x300.png 191w\" sizes=\"auto, (max-width: 463px) 100vw, 463px\" \/><\/figure><\/div>\n","protected":false},"excerpt":{"rendered":"<p>Plazo de postulaci\u00f3n de iniciativas 10 d\u00edas h\u00e1biles contados desde el viernes 25 de junio hasta el viernes 09 de Julio de 2021 (23:59Hrs) FORMULARIO SEGURIDAD CIUDADANA 2021 (Descarga) RES.(E) N\u00b0 1588 APRUEBA INSTRUCTIVO SEGURIDAD CIUDADANA RES.(E) N\u00b0 2399 DECLARA INADMISIBILIDAD &#8211; ACTIVIDADES SEGURIDAD CIUDADANA PARA INSTITUCIONES P\u00daBLICAS<\/p>\n","protected":false},"author":1,"featured_media":0,"parent":0,"menu_order":0,"comment_status":"closed","ping_status":"closed","template":"","meta":{"footnotes":""},"class_list":["post-1647","page","type-page","status-publish","hentry"],"_links":{"self":[{"href":"https:\/\/www.goremaule.cl\/goremauleVII\/wp-json\/wp\/v2\/pages\/1647","targetHints":{"allow":["GET"]}}],"collection":[{"href":"https:\/\/www.goremaule.cl\/goremauleVII\/wp-json\/wp\/v2\/pages"}],"about":[{"href":"https:\/\/www.goremaule.cl\/goremauleVII\/wp-json\/wp\/v2\/types\/page"}],"author":[{"embeddable":true,"href":"https:\/\/www.goremaule.cl\/goremauleVII\/wp-json\/wp\/v2\/users\/1"}],"replies":[{"embeddable":true,"href":"https:\/\/www.goremaule.cl\/goremauleVII\/wp-json\/wp\/v2\/comments?post=1647"}],"version-history":[{"count":4,"href":"https:\/\/www.goremaule.cl\/goremauleVII\/wp-json\/wp\/v2\/pages\/1647\/revisions"}],"predecessor-version":[{"id":1990,"href":"https:\/\/www.goremaule.cl\/goremauleVII\/wp-json\/wp\/v2\/pages\/1647\/revisions\/1990"}],"wp:attachment":[{"href":"https:\/\/www.goremaule.cl\/goremauleVII\/wp-json\/wp\/v2\/media?parent=1647"}],"curies":[{"name":"wp","href":"https:\/\/api.w.org\/{rel}","templated":true}]}}