{"id":14207,"date":"2026-03-11T15:43:12","date_gmt":"2026-03-11T18:43:12","guid":{"rendered":"https:\/\/www.goremaule.cl\/goremauleVII\/?page_id=14207"},"modified":"2026-03-11T15:43:12","modified_gmt":"2026-03-11T18:43:12","slug":"concurso-on-line-fndr-8-2","status":"publish","type":"page","link":"https:\/\/www.goremaule.cl\/goremauleVII\/concurso-on-line-fndr-8-2\/","title":{"rendered":"Concurso on-line FNDR 8%"},"content":{"rendered":"\n<p><strong>Actividades de Seguridad Ciudadana, Actividades de Car\u00e1cter Social, Actividades Culturales y Patrimoniales<\/strong><\/p>\n\n\n\n<p>El <strong>Gobierno Regional del Maule<\/strong>, en conformidad con lo aprobado por el <strong>Consejo Regional del Maule<\/strong>, invita a las <strong>organizaciones sin fines de lucro de la regi\u00f3n<\/strong> a participar del <strong>Concurso 2026 de Actividades de Seguridad Ciudadana, Actividades de Car\u00e1cter Social, Actividades Culturales y Patrimoniales<\/strong>.<\/p>\n\n\n\n<p>El proceso de postulaci\u00f3n se realizar\u00e1 <strong>exclusivamente en l\u00ednea<\/strong> a trav\u00e9s de la plataforma habilitada por el Gobierno Regional del Maule.<\/p>\n\n\n\n<p>\ud83d\udcc5 <strong>Inicio de postulaciones:<\/strong> jueves 12 de marzo de 2026 \u2013 00:01 horas<br>\ud83d\udcc5 <strong>Cierre de postulaciones:<\/strong> mi\u00e9rcoles 15 de abril de 2026<\/p>\n\n\n\n<figure class=\"wp-block-image size-full\"><a href=\"https:\/\/www.goremaule.cl\/goremauleVII\/wp-content\/uploads\/2026\/03\/RES.EX_.N\u00b01441-Instructivo-Concurso-2-llamado.pdf\"><img loading=\"lazy\" decoding=\"async\" width=\"784\" height=\"238\" src=\"https:\/\/www.goremaule.cl\/goremauleVII\/wp-content\/uploads\/2026\/03\/3b66f566-f37b-46e8-9bf8-9633b8f97fd4-1-1.png\" alt=\"\" class=\"wp-image-14212\" srcset=\"https:\/\/www.goremaule.cl\/goremauleVII\/wp-content\/uploads\/2026\/03\/3b66f566-f37b-46e8-9bf8-9633b8f97fd4-1-1.png 784w, https:\/\/www.goremaule.cl\/goremauleVII\/wp-content\/uploads\/2026\/03\/3b66f566-f37b-46e8-9bf8-9633b8f97fd4-1-1-300x91.png 300w, https:\/\/www.goremaule.cl\/goremauleVII\/wp-content\/uploads\/2026\/03\/3b66f566-f37b-46e8-9bf8-9633b8f97fd4-1-1-768x233.png 768w, https:\/\/www.goremaule.cl\/goremauleVII\/wp-content\/uploads\/2026\/03\/3b66f566-f37b-46e8-9bf8-9633b8f97fd4-1-1-660x200.png 660w\" sizes=\"auto, (max-width: 784px) 100vw, 784px\" \/><\/a><\/figure>\n\n\n\n<figure class=\"wp-block-image size-full\"><a href=\"https:\/\/www.maulepro.com\/gore\/portal\/info?tab=Subvenciones\"><img loading=\"lazy\" decoding=\"async\" width=\"784\" height=\"238\" src=\"https:\/\/www.goremaule.cl\/goremauleVII\/wp-content\/uploads\/2026\/03\/5-1-1.png\" alt=\"\" class=\"wp-image-14211\" srcset=\"https:\/\/www.goremaule.cl\/goremauleVII\/wp-content\/uploads\/2026\/03\/5-1-1.png 784w, https:\/\/www.goremaule.cl\/goremauleVII\/wp-content\/uploads\/2026\/03\/5-1-1-300x91.png 300w, https:\/\/www.goremaule.cl\/goremauleVII\/wp-content\/uploads\/2026\/03\/5-1-1-768x233.png 768w, https:\/\/www.goremaule.cl\/goremauleVII\/wp-content\/uploads\/2026\/03\/5-1-1-660x200.png 660w\" sizes=\"auto, (max-width: 784px) 100vw, 784px\" \/><\/a><\/figure>\n\n\n\n<p class=\"has-text-align-center\"><em><strong>Disponible desde el 12 de marzo de 2026<\/strong><\/em><\/p>\n","protected":false},"excerpt":{"rendered":"<p>Actividades de Seguridad Ciudadana, Actividades de Car\u00e1cter Social, Actividades Culturales y Patrimoniales El Gobierno Regional del Maule, en conformidad con lo aprobado por el Consejo Regional del Maule, invita a las organizaciones sin fines de lucro de la regi\u00f3n a participar del Concurso 2026 de Actividades de Seguridad Ciudadana, Actividades de Car\u00e1cter Social, Actividades Culturales [&hellip;]<\/p>\n","protected":false},"author":1,"featured_media":0,"parent":0,"menu_order":0,"comment_status":"closed","ping_status":"closed","template":"","meta":{"footnotes":""},"class_list":["post-14207","page","type-page","status-publish","hentry"],"_links":{"self":[{"href":"https:\/\/www.goremaule.cl\/goremauleVII\/wp-json\/wp\/v2\/pages\/14207","targetHints":{"allow":["GET"]}}],"collection":[{"href":"https:\/\/www.goremaule.cl\/goremauleVII\/wp-json\/wp\/v2\/pages"}],"about":[{"href":"https:\/\/www.goremaule.cl\/goremauleVII\/wp-json\/wp\/v2\/types\/page"}],"author":[{"embeddable":true,"href":"https:\/\/www.goremaule.cl\/goremauleVII\/wp-json\/wp\/v2\/users\/1"}],"replies":[{"embeddable":true,"href":"https:\/\/www.goremaule.cl\/goremauleVII\/wp-json\/wp\/v2\/comments?post=14207"}],"version-history":[{"count":2,"href":"https:\/\/www.goremaule.cl\/goremauleVII\/wp-json\/wp\/v2\/pages\/14207\/revisions"}],"predecessor-version":[{"id":14214,"href":"https:\/\/www.goremaule.cl\/goremauleVII\/wp-json\/wp\/v2\/pages\/14207\/revisions\/14214"}],"wp:attachment":[{"href":"https:\/\/www.goremaule.cl\/goremauleVII\/wp-json\/wp\/v2\/media?parent=14207"}],"curies":[{"name":"wp","href":"https:\/\/api.w.org\/{rel}","templated":true}]}}