{"id":13929,"date":"2026-02-09T15:38:32","date_gmt":"2026-02-09T18:38:32","guid":{"rendered":"https:\/\/www.goremaule.cl\/goremauleVII\/?page_id=13929"},"modified":"2026-02-09T16:27:35","modified_gmt":"2026-02-09T19:27:35","slug":"gobernador-del-maulepedro-pablo-alvarez-salamanca-ramirez","status":"publish","type":"page","link":"https:\/\/www.goremaule.cl\/goremauleVII\/gobernador-del-maulepedro-pablo-alvarez-salamanca-ramirez\/","title":{"rendered":"<strong>Gobernador del Maule <\/strong><strong>Pedro Pablo \u00c1lvarez-Salamanca Ram\u00edrez<\/strong>"},"content":{"rendered":"\n<p>Pedro Pablo \u00c1lvarez-Salamanca Ram\u00edrez (Talca, 18 de febrero de 1976) es pol\u00edtico y empresario agr\u00edcola. Proviene de una familia con trayectoria en el servicio p\u00fablico: su padre, Pedro Pablo \u00c1lvarez-Salamanca B\u00fcchi,&nbsp;fue diputado por la regi\u00f3n del Maule y su madre, Luz Mar\u00eda Ram\u00edrez Sep\u00falveda,&nbsp;se desempe\u00f1\u00f3 como alcaldesa de San Clemente.<br>En 2009 fue electo diputado por el Maule, cargo que ejerci\u00f3 durante varios per\u00edodos consecutivos hasta 2022. Durante su trayectoria parlamentaria integr\u00f3 comisiones vinculadas al desarrollo regional, agricultura, recursos h\u00eddricos, pesca y materias sociales, adem\u00e1s de participar en comisiones investigadoras relacionadas con la gesti\u00f3n p\u00fablica.<br>En 2024 inscribi\u00f3 su candidatura a Gobernador Regional del Maule y fue electo en segunda vuelta con el 51,74% de los votos.<br><strong>Misi\u00f3n como Gobernador del Maule<\/strong><br>Su misi\u00f3n como gobernador es liderar un proceso de desarrollo integral, equitativo y descentralizado, enfocado en mejorar la calidad de vida de las personas en todo el territorio. Su gesti\u00f3n busca fortalecer la seguridad regional, reducir las listas de espera en salud mediante una coordinaci\u00f3n efectiva con los servicios competentes, y promover inversiones que permitan mejorar la infraestructura y el acceso a oportunidades.<br>Asimismo, impulsa el fortalecimiento del Paso Pehuenche como eje estrat\u00e9gico de conectividad e integraci\u00f3n, potenciando el comercio, el turismo y el desarrollo productivo. Su compromiso es avanzar hacia un Maule m\u00e1s justo, apoyando de manera equilibrada a las 30 comunas de la regi\u00f3n, sin dejar atr\u00e1s a los territorios rurales y priorizando una distribuci\u00f3n territorial m\u00e1s equitativa de los recursos y proyectos.<\/p>\n\n\n\n<div class=\"wp-block-image\"><figure class=\"aligncenter size-large is-resized\"><img loading=\"lazy\" decoding=\"async\" src=\"https:\/\/www.goremaule.cl\/goremauleVII\/wp-content\/uploads\/2026\/02\/0abad41f-ff68-4a87-8492-7367837c17b4.jpg\" alt=\"\" class=\"wp-image-13931\" width=\"539\" height=\"360\" srcset=\"https:\/\/www.goremaule.cl\/goremauleVII\/wp-content\/uploads\/2026\/02\/0abad41f-ff68-4a87-8492-7367837c17b4.jpg 375w, https:\/\/www.goremaule.cl\/goremauleVII\/wp-content\/uploads\/2026\/02\/0abad41f-ff68-4a87-8492-7367837c17b4-300x200.jpg 300w\" sizes=\"auto, (max-width: 539px) 100vw, 539px\" \/><\/figure><\/div>\n\n\n\n<p><\/p>\n","protected":false},"excerpt":{"rendered":"<p>Pedro Pablo \u00c1lvarez-Salamanca Ram\u00edrez (Talca, 18 de febrero de 1976) es pol\u00edtico y empresario agr\u00edcola. Proviene de una familia con trayectoria en el servicio p\u00fablico: su padre, Pedro Pablo \u00c1lvarez-Salamanca B\u00fcchi,&nbsp;fue diputado por la regi\u00f3n del Maule y su madre, Luz Mar\u00eda Ram\u00edrez Sep\u00falveda,&nbsp;se desempe\u00f1\u00f3 como alcaldesa de San Clemente.En 2009 fue electo diputado por [&hellip;]<\/p>\n","protected":false},"author":1,"featured_media":0,"parent":0,"menu_order":0,"comment_status":"closed","ping_status":"closed","template":"","meta":{"footnotes":""},"class_list":["post-13929","page","type-page","status-publish","hentry"],"_links":{"self":[{"href":"https:\/\/www.goremaule.cl\/goremauleVII\/wp-json\/wp\/v2\/pages\/13929","targetHints":{"allow":["GET"]}}],"collection":[{"href":"https:\/\/www.goremaule.cl\/goremauleVII\/wp-json\/wp\/v2\/pages"}],"about":[{"href":"https:\/\/www.goremaule.cl\/goremauleVII\/wp-json\/wp\/v2\/types\/page"}],"author":[{"embeddable":true,"href":"https:\/\/www.goremaule.cl\/goremauleVII\/wp-json\/wp\/v2\/users\/1"}],"replies":[{"embeddable":true,"href":"https:\/\/www.goremaule.cl\/goremauleVII\/wp-json\/wp\/v2\/comments?post=13929"}],"version-history":[{"count":3,"href":"https:\/\/www.goremaule.cl\/goremauleVII\/wp-json\/wp\/v2\/pages\/13929\/revisions"}],"predecessor-version":[{"id":13983,"href":"https:\/\/www.goremaule.cl\/goremauleVII\/wp-json\/wp\/v2\/pages\/13929\/revisions\/13983"}],"wp:attachment":[{"href":"https:\/\/www.goremaule.cl\/goremauleVII\/wp-json\/wp\/v2\/media?parent=13929"}],"curies":[{"name":"wp","href":"https:\/\/api.w.org\/{rel}","templated":true}]}}