{"id":13847,"date":"2026-01-28T08:43:40","date_gmt":"2026-01-28T11:43:40","guid":{"rendered":"https:\/\/www.goremaule.cl\/goremauleVII\/?page_id=13847"},"modified":"2026-03-30T10:24:41","modified_gmt":"2026-03-30T13:24:41","slug":"actividades-culturales-y-programacion-teatros-fndr-8-ano-2026","status":"publish","type":"page","link":"https:\/\/www.goremaule.cl\/goremauleVII\/actividades-culturales-y-programacion-teatros-fndr-8-ano-2026\/","title":{"rendered":"Actividades culturales y programaci\u00f3n teatros FNDR 8% a\u00f1o 2026"},"content":{"rendered":"\n<p>Esta secci\u00f3n re\u00fane informaci\u00f3n sobre las <strong>Actividades Culturales y Programaci\u00f3n de Teatros FNDR 8% a\u00f1o 2026<\/strong>, orientadas a fortalecer el acceso a la cultura, las artes y la participaci\u00f3n cultural en la Regi\u00f3n del Maule. A trav\u00e9s de esta l\u00ednea de financiamiento, se apoyan iniciativas municipales que promueven el desarrollo art\u00edstico local, la difusi\u00f3n cultural y el uso de espacios culturales y teatrales en beneficio de la comunidad.<\/p>\n\n\n\n<div class=\"wp-block-file\"><a href=\"https:\/\/www.goremaule.cl\/goremauleVII\/wp-content\/uploads\/2026\/01\/RES.EX_.-216-1.pdf\">RES. EX. N.\u00b0 216<\/a><a href=\"https:\/\/www.goremaule.cl\/goremauleVII\/wp-content\/uploads\/2026\/01\/RES.EX_.-216-1.pdf\" class=\"wp-block-file__button wp-element-button\" download>Descarga<\/a><\/div>\n\n\n\n<div class=\"wp-block-file\"><a href=\"https:\/\/www.goremaule.cl\/goremauleVII\/wp-content\/uploads\/2026\/01\/FORMULARIO-Y-ANEXOS-DE-PRESENTACION-TEATRO-Y-ACT.CULTURALES-1.docx\">FORMULARIO Y ANEXOS DE PRESENTACION TEATRO Y ACTIVIDADES CULTURALES<\/a><a href=\"https:\/\/www.goremaule.cl\/goremauleVII\/wp-content\/uploads\/2026\/01\/FORMULARIO-Y-ANEXOS-DE-PRESENTACION-TEATRO-Y-ACT.CULTURALES-1.docx\" class=\"wp-block-file__button wp-element-button\" download>Descarga<\/a><\/div>\n\n\n\n<p><a href=\"https:\/\/www.goremaule.cl\/goremauleVII\/wp-content\/uploads\/2026\/03\/ADMISIBILIDAD-ACTIVIDADES-CULTURALES-Y-PROGRAMACION-TEATROS-FNDR-8-FINAL.pdf\">Concurso de Actividades Culturales y Programaci\u00f3n de Teatros FNDR 8% A\u00f1o 2026<\/a><\/p>\n\n\n\n<p>Cabe se\u00f1alar que la subsanaci\u00f3n deber\u00e1 realizarse de la misma forma que la postulaci\u00f3n inicial, y deber\u00e1 ser dirigida a la casilla virtual del Gobierno Regional del Maule:&nbsp;<a href=\"mailto:gestiondedocumento@goremaule.cl\">gestiondedocumento@goremaule.cl<\/a>.<\/p>\n\n\n<div class=\"wp-block-image\">\n<figure class=\"aligncenter size-large\"><img loading=\"lazy\" decoding=\"async\" width=\"513\" height=\"838\" src=\"https:\/\/www.goremaule.cl\/goremauleVII\/wp-content\/uploads\/2026\/01\/image.png\" alt=\"\" class=\"wp-image-13848\" srcset=\"https:\/\/www.goremaule.cl\/goremauleVII\/wp-content\/uploads\/2026\/01\/image.png 513w, https:\/\/www.goremaule.cl\/goremauleVII\/wp-content\/uploads\/2026\/01\/image-184x300.png 184w\" sizes=\"auto, (max-width: 513px) 100vw, 513px\" \/><\/figure>\n<\/div>","protected":false},"excerpt":{"rendered":"<p>Esta secci\u00f3n re\u00fane informaci\u00f3n sobre las Actividades Culturales y Programaci\u00f3n de Teatros FNDR 8% a\u00f1o 2026, orientadas a fortalecer el acceso a la cultura, las artes y la participaci\u00f3n cultural en la Regi\u00f3n del Maule. A trav\u00e9s de esta l\u00ednea de financiamiento, se apoyan iniciativas municipales que promueven el desarrollo art\u00edstico local, la difusi\u00f3n cultural [&hellip;]<\/p>\n","protected":false},"author":1,"featured_media":0,"parent":0,"menu_order":0,"comment_status":"closed","ping_status":"closed","template":"","meta":{"footnotes":""},"class_list":["post-13847","page","type-page","status-publish","hentry"],"_links":{"self":[{"href":"https:\/\/www.goremaule.cl\/goremauleVII\/wp-json\/wp\/v2\/pages\/13847","targetHints":{"allow":["GET"]}}],"collection":[{"href":"https:\/\/www.goremaule.cl\/goremauleVII\/wp-json\/wp\/v2\/pages"}],"about":[{"href":"https:\/\/www.goremaule.cl\/goremauleVII\/wp-json\/wp\/v2\/types\/page"}],"author":[{"embeddable":true,"href":"https:\/\/www.goremaule.cl\/goremauleVII\/wp-json\/wp\/v2\/users\/1"}],"replies":[{"embeddable":true,"href":"https:\/\/www.goremaule.cl\/goremauleVII\/wp-json\/wp\/v2\/comments?post=13847"}],"version-history":[{"count":5,"href":"https:\/\/www.goremaule.cl\/goremauleVII\/wp-json\/wp\/v2\/pages\/13847\/revisions"}],"predecessor-version":[{"id":14347,"href":"https:\/\/www.goremaule.cl\/goremauleVII\/wp-json\/wp\/v2\/pages\/13847\/revisions\/14347"}],"wp:attachment":[{"href":"https:\/\/www.goremaule.cl\/goremauleVII\/wp-json\/wp\/v2\/media?parent=13847"}],"curies":[{"name":"wp","href":"https:\/\/api.w.org\/{rel}","templated":true}]}}