{"id":13781,"date":"2026-01-22T10:19:21","date_gmt":"2026-01-22T13:19:21","guid":{"rendered":"https:\/\/www.goremaule.cl\/goremauleVII\/?page_id=13781"},"modified":"2026-03-02T16:16:19","modified_gmt":"2026-03-02T19:16:19","slug":"concurso-on-line-fndr-8","status":"publish","type":"page","link":"https:\/\/www.goremaule.cl\/goremauleVII\/concurso-on-line-fndr-8\/","title":{"rendered":"Concurso on-line FNDR 8%"},"content":{"rendered":"\n<p>El Gobierno Regional del Maule informa que, a contar&nbsp;<strong>del lunes 26 de enero de 2026 hasta el domingo 01 de marzo de 2026 hasta las 23:59 horas<\/strong>, se encontrar\u00e1 disponible el <strong>Concurso On-Line FNDR 8% \u2013 A\u00f1o 2026<\/strong>, dirigido a organizaciones privadas sin fines de lucro.<\/p>\n\n\n\n<p>Este concurso considera iniciativas en las siguientes l\u00edneas:<\/p>\n\n\n\n<p>\u2022 Actividades deportivas<br>\u2022 Protecci\u00f3n del medio ambiente y educaci\u00f3n ambiental<br>\u2022 Adopci\u00f3n, rescate, atenci\u00f3n y tratamiento veterinario y gesti\u00f3n de residuos animales<\/p>\n\n\n\n<p>La postulaci\u00f3n se realizar\u00e1 exclusivamente a trav\u00e9s de la plataforma digital que ser\u00e1 habilitada para este proceso, conforme a las bases y plazos establecidos.<\/p>\n\n\n\n<p><\/p>\n\n\n\n<div class=\"wp-block-file\"><a href=\"https:\/\/www.goremaule.cl\/goremauleVII\/wp-content\/uploads\/2026\/03\/RES.EX_.N\u00b01141.pdf\">RES.EX  N\u00b01141<\/a><a href=\"https:\/\/www.goremaule.cl\/goremauleVII\/wp-content\/uploads\/2026\/03\/RES.EX_.N\u00b01141.pdf\" class=\"wp-block-file__button\" download>Descarga<\/a><\/div>\n\n\n\n<div class=\"wp-block-file\"><a href=\"https:\/\/www.goremaule.cl\/goremauleVII\/wp-content\/uploads\/2026\/01\/RES.EX_.-215-Instructivo-Concurso-1er-llamado.pdf\">RES.EX. N.\u00b0215<\/a><a href=\"https:\/\/www.goremaule.cl\/goremauleVII\/wp-content\/uploads\/2026\/01\/RES.EX_.-215-Instructivo-Concurso-1er-llamado.pdf\" class=\"wp-block-file__button\" download>Descarga<\/a><\/div>\n\n\n\n<div class=\"wp-block-file\"><a href=\"https:\/\/www.goremaule.cl\/goremauleVII\/wp-content\/uploads\/2026\/02\/Preguntas-frecuentes-FNDR-8-ano-2026.pdf\">Preguntas frecuentes FNDR 8% a\u00f1o 2026<\/a><a href=\"https:\/\/www.goremaule.cl\/goremauleVII\/wp-content\/uploads\/2026\/02\/Preguntas-frecuentes-FNDR-8-ano-2026.pdf\" class=\"wp-block-file__button\" download>Descarga<\/a><\/div>\n\n\n\n<figure class=\"wp-block-image size-large\"><a href=\"https:\/\/www.goremaule.cl\/goremauleVII\/wp-content\/uploads\/2026\/01\/INSTRUCTIVO-CONCURSO-1ER-LLAMADO-ON-LINE-ACTIVIDADES-DEPORTIVAS-ACTIVIDADES-DE-PROTECCION-DEL-MEDIO-AMBIENTE-Y-TENENCIA-RESPONSABLE-FNDR-8-2026-2.pdf\" target=\"_blank\" rel=\"noopener\"><img loading=\"lazy\" decoding=\"async\" width=\"784\" height=\"238\" src=\"https:\/\/www.goremaule.cl\/goremauleVII\/wp-content\/uploads\/2026\/01\/3b66f566-f37b-46e8-9bf8-9633b8f97fd4.png\" alt=\"\" class=\"wp-image-13824\" srcset=\"https:\/\/www.goremaule.cl\/goremauleVII\/wp-content\/uploads\/2026\/01\/3b66f566-f37b-46e8-9bf8-9633b8f97fd4.png 784w, https:\/\/www.goremaule.cl\/goremauleVII\/wp-content\/uploads\/2026\/01\/3b66f566-f37b-46e8-9bf8-9633b8f97fd4-300x91.png 300w, https:\/\/www.goremaule.cl\/goremauleVII\/wp-content\/uploads\/2026\/01\/3b66f566-f37b-46e8-9bf8-9633b8f97fd4-768x233.png 768w, https:\/\/www.goremaule.cl\/goremauleVII\/wp-content\/uploads\/2026\/01\/3b66f566-f37b-46e8-9bf8-9633b8f97fd4-660x200.png 660w\" sizes=\"auto, (max-width: 784px) 100vw, 784px\" \/><\/a><\/figure>\n\n\n\n<div class=\"wp-block-image\"><figure class=\"aligncenter size-large\"><a href=\"https:\/\/www.maulepro.com\/gore\/portal\/info?tab=Subvenciones\"><img loading=\"lazy\" decoding=\"async\" width=\"784\" height=\"238\" src=\"https:\/\/www.goremaule.cl\/goremauleVII\/wp-content\/uploads\/2026\/01\/5.png\" alt=\"\" class=\"wp-image-13814\" srcset=\"https:\/\/www.goremaule.cl\/goremauleVII\/wp-content\/uploads\/2026\/01\/5.png 784w, https:\/\/www.goremaule.cl\/goremauleVII\/wp-content\/uploads\/2026\/01\/5-300x91.png 300w, https:\/\/www.goremaule.cl\/goremauleVII\/wp-content\/uploads\/2026\/01\/5-768x233.png 768w, https:\/\/www.goremaule.cl\/goremauleVII\/wp-content\/uploads\/2026\/01\/5-660x200.png 660w\" sizes=\"auto, (max-width: 784px) 100vw, 784px\" \/><\/a><\/figure><\/div>\n\n\n\n<p class=\"has-text-align-center\"><em><strong>Disponible desde el 26 de enero de 2026<\/strong><\/em><\/p>\n","protected":false},"excerpt":{"rendered":"<p>El Gobierno Regional del Maule informa que, a contar&nbsp;del lunes 26 de enero de 2026 hasta el domingo 01 de marzo de 2026 hasta las 23:59 horas, se encontrar\u00e1 disponible el Concurso On-Line FNDR 8% \u2013 A\u00f1o 2026, dirigido a organizaciones privadas sin fines de lucro. Este concurso considera iniciativas en las siguientes l\u00edneas: \u2022 [&hellip;]<\/p>\n","protected":false},"author":1,"featured_media":0,"parent":0,"menu_order":0,"comment_status":"closed","ping_status":"closed","template":"","meta":{"footnotes":""},"class_list":["post-13781","page","type-page","status-publish","hentry"],"_links":{"self":[{"href":"https:\/\/www.goremaule.cl\/goremauleVII\/wp-json\/wp\/v2\/pages\/13781","targetHints":{"allow":["GET"]}}],"collection":[{"href":"https:\/\/www.goremaule.cl\/goremauleVII\/wp-json\/wp\/v2\/pages"}],"about":[{"href":"https:\/\/www.goremaule.cl\/goremauleVII\/wp-json\/wp\/v2\/types\/page"}],"author":[{"embeddable":true,"href":"https:\/\/www.goremaule.cl\/goremauleVII\/wp-json\/wp\/v2\/users\/1"}],"replies":[{"embeddable":true,"href":"https:\/\/www.goremaule.cl\/goremauleVII\/wp-json\/wp\/v2\/comments?post=13781"}],"version-history":[{"count":13,"href":"https:\/\/www.goremaule.cl\/goremauleVII\/wp-json\/wp\/v2\/pages\/13781\/revisions"}],"predecessor-version":[{"id":14138,"href":"https:\/\/www.goremaule.cl\/goremauleVII\/wp-json\/wp\/v2\/pages\/13781\/revisions\/14138"}],"wp:attachment":[{"href":"https:\/\/www.goremaule.cl\/goremauleVII\/wp-json\/wp\/v2\/media?parent=13781"}],"curies":[{"name":"wp","href":"https:\/\/api.w.org\/{rel}","templated":true}]}}