{"id":13772,"date":"2026-01-22T09:38:55","date_gmt":"2026-01-22T12:38:55","guid":{"rendered":"https:\/\/www.goremaule.cl\/goremauleVII\/?page_id=13772"},"modified":"2026-01-22T09:38:55","modified_gmt":"2026-01-22T12:38:55","slug":"fndr-8-ano-2025-2","status":"publish","type":"page","link":"https:\/\/www.goremaule.cl\/goremauleVII\/fndr-8-ano-2025-2\/","title":{"rendered":"FNDR 8% A\u00d1O 2025"},"content":{"rendered":"\n<p id=\"block-8499d3ca-0378-4ed7-9b14-b5d077180da0\"><a href=\"https:\/\/www.goremaule.cl\/goremauleVII\/concurso-simultaneo-on-line-de-vinculacion-con-la-comunidad-8-2025\/\"><br>Concurso Simult\u00e1neo Online de Vinculaci\u00f3n con la Comunidad<strong><sup><em> <\/em><\/sup><\/strong><\/a><\/p>\n\n\n\n<p id=\"block-3c51153d-fb39-4468-a04c-c802d230d307\"><a rel=\"noreferrer noopener\" href=\"https:\/\/www.goremaule.cl\/goremauleVII\/concurso-de-vinculacion-con-la-comunidad-8-de-actividades-artisticas-culturales-y-patrimoniales-ano-2025\/\" target=\"_blank\">Concurso de\u00a0Vinculaci\u00f3n con la Comunidad de Actividades Art\u00edsticas, Culturales y Patrimoniales\u2002- Observaciones Cultura A\u00f1o 2025<\/a> <\/p>\n\n\n\n<p id=\"block-30aee1a4-2cc4-4cd8-b935-d660766111d5\"><a rel=\"noreferrer noopener\" href=\"https:\/\/www.goremaule.cl\/goremauleVII\/concurso-de-actividades-culturales-y-programacion-de-teatros-fndr-8-ano-2025\/\" target=\"_blank\">Concurso de Actividades Culturales y Programaci\u00f3n de Teatros FNDR 8% A\u00f1o 2025 <\/a><\/p>\n\n\n\n<div class=\"wp-block-file\"><a href=\"https:\/\/www.goremaule.cl\/goremauleVII\/wp-content\/uploads\/2026\/01\/RES.EX_.-4222-1.pdf\">RES.EX. 4222 &#8211; Aprueba manual de marca y normas gr\u00e1ficas <\/a><a href=\"https:\/\/www.goremaule.cl\/goremauleVII\/wp-content\/uploads\/2026\/01\/RES.EX_.-4222-1.pdf\" class=\"wp-block-file__button\" download>Descarga<\/a><\/div>\n\n\n\n<p id=\"block-8a98ad6c-b023-4a30-b27f-5fe0c132beea\"><a rel=\"noreferrer noopener\" href=\"https:\/\/www.goremaule.cl\/goremauleVII\/wp-content\/uploads\/2025\/07\/Logotipos-descargables.zip\" target=\"_blank\">Logotipos &#8211; descargables<\/a><\/p>\n\n\n\n<p id=\"block-cc338258-6ab7-481c-a71f-3a4909562719\"><a href=\"https:\/\/www.goremaule.cl\/goremauleVII\/rendicion-de-subvenciones\/\">Rendici\u00f3n de subvenciones<\/a><\/p>\n\n\n\n<div class=\"wp-block-file\"><a href=\"https:\/\/www.goremaule.cl\/goremauleVII\/wp-content\/uploads\/2026\/01\/MANUAL-DE-DIFUSION-2025-RES-4222-JULIO-2025-1.pdf\">Manual de Difusi\u00f3n 2025<\/a><a href=\"https:\/\/www.goremaule.cl\/goremauleVII\/wp-content\/uploads\/2026\/01\/MANUAL-DE-DIFUSION-2025-RES-4222-JULIO-2025-1.pdf\" class=\"wp-block-file__button\" download>Descarga<\/a><\/div>\n\n\n\n<p><\/p>\n","protected":false},"excerpt":{"rendered":"<p>Concurso Simult\u00e1neo Online de Vinculaci\u00f3n con la Comunidad Concurso de\u00a0Vinculaci\u00f3n con la Comunidad de Actividades Art\u00edsticas, Culturales y Patrimoniales\u2002- Observaciones Cultura A\u00f1o 2025 Concurso de Actividades Culturales y Programaci\u00f3n de Teatros FNDR 8% A\u00f1o 2025 Logotipos &#8211; descargables Rendici\u00f3n de subvenciones<\/p>\n","protected":false},"author":1,"featured_media":0,"parent":0,"menu_order":0,"comment_status":"closed","ping_status":"closed","template":"","meta":{"footnotes":""},"class_list":["post-13772","page","type-page","status-publish","hentry"],"_links":{"self":[{"href":"https:\/\/www.goremaule.cl\/goremauleVII\/wp-json\/wp\/v2\/pages\/13772","targetHints":{"allow":["GET"]}}],"collection":[{"href":"https:\/\/www.goremaule.cl\/goremauleVII\/wp-json\/wp\/v2\/pages"}],"about":[{"href":"https:\/\/www.goremaule.cl\/goremauleVII\/wp-json\/wp\/v2\/types\/page"}],"author":[{"embeddable":true,"href":"https:\/\/www.goremaule.cl\/goremauleVII\/wp-json\/wp\/v2\/users\/1"}],"replies":[{"embeddable":true,"href":"https:\/\/www.goremaule.cl\/goremauleVII\/wp-json\/wp\/v2\/comments?post=13772"}],"version-history":[{"count":2,"href":"https:\/\/www.goremaule.cl\/goremauleVII\/wp-json\/wp\/v2\/pages\/13772\/revisions"}],"predecessor-version":[{"id":13776,"href":"https:\/\/www.goremaule.cl\/goremauleVII\/wp-json\/wp\/v2\/pages\/13772\/revisions\/13776"}],"wp:attachment":[{"href":"https:\/\/www.goremaule.cl\/goremauleVII\/wp-json\/wp\/v2\/media?parent=13772"}],"curies":[{"name":"wp","href":"https:\/\/api.w.org\/{rel}","templated":true}]}}