{"id":11847,"date":"2025-07-22T15:46:18","date_gmt":"2025-07-22T19:46:18","guid":{"rendered":"https:\/\/www.goremaule.cl\/goremauleVII\/?page_id=11847"},"modified":"2025-07-22T17:32:49","modified_gmt":"2025-07-22T21:32:49","slug":"rendicion-de-subvenciones","status":"publish","type":"page","link":"https:\/\/www.goremaule.cl\/goremauleVII\/rendicion-de-subvenciones\/","title":{"rendered":"Rendici\u00f3n de subvenciones"},"content":{"rendered":"\n<figure class=\"wp-block-video\"><video height=\"1080\" style=\"aspect-ratio: 1920 \/ 1080;\" width=\"1920\" controls src=\"https:\/\/www.goremaule.cl\/goremauleVII\/wp-content\/uploads\/2025\/07\/rendicion-subvenciones-1.mp4\"><\/video><figcaption>Videotutorial rendici\u00f3n de subvenciones<\/figcaption><\/figure>\n\n\n\n<p><\/p>\n\n\n\n<div class=\"wp-block-file\"><a href=\"https:\/\/www.goremaule.cl\/goremauleVII\/wp-content\/uploads\/2025\/07\/Formulario-rendicion-Financiera.xlsx\">Formulario rendici\u00f3n financiera<\/a><a href=\"https:\/\/www.goremaule.cl\/goremauleVII\/wp-content\/uploads\/2025\/07\/Formulario-rendicion-Financiera.xlsx\" class=\"wp-block-file__button\" download>Descarga<\/a><\/div>\n\n\n\n<div class=\"wp-block-file\"><a href=\"https:\/\/www.goremaule.cl\/goremauleVII\/wp-content\/uploads\/2025\/07\/ANEXO.xlsx\">Anexo<\/a><a href=\"https:\/\/www.goremaule.cl\/goremauleVII\/wp-content\/uploads\/2025\/07\/ANEXO.xlsx\" class=\"wp-block-file__button\" download>Descarga<\/a><\/div>\n\n\n\n<div class=\"wp-block-file\"><a href=\"https:\/\/www.goremaule.cl\/goremauleVII\/wp-content\/uploads\/2025\/07\/Comprobante-Ingreso-FORMATO.docx\">Formato comprobante de ingreso<\/a><a href=\"https:\/\/www.goremaule.cl\/goremauleVII\/wp-content\/uploads\/2025\/07\/Comprobante-Ingreso-FORMATO.docx\" class=\"wp-block-file__button\" download>Descarga<\/a><\/div>\n\n\n\n<div class=\"wp-block-file\"><a href=\"https:\/\/www.goremaule.cl\/goremauleVII\/wp-content\/uploads\/2025\/07\/Comprobante-Ingreso-FORMATO-PERSONA-NATURAL.docx\">Formato comprobante de ingreso persona natural<\/a><a href=\"https:\/\/www.goremaule.cl\/goremauleVII\/wp-content\/uploads\/2025\/07\/Comprobante-Ingreso-FORMATO-PERSONA-NATURAL.docx\" class=\"wp-block-file__button\" download>Descarga<\/a><\/div>\n\n\n\n<div class=\"wp-block-file\"><a href=\"https:\/\/www.goremaule.cl\/goremauleVII\/wp-content\/uploads\/2025\/07\/FORMATO-ACTA-DE-CONFORMIDAD.docx\">Formato acta de conformidad<\/a><a href=\"https:\/\/www.goremaule.cl\/goremauleVII\/wp-content\/uploads\/2025\/07\/FORMATO-ACTA-DE-CONFORMIDAD.docx\" class=\"wp-block-file__button\" download>Descarga<\/a><\/div>\n\n\n\n<div class=\"wp-block-file\"><a href=\"https:\/\/www.goremaule.cl\/goremauleVII\/wp-content\/uploads\/2025\/07\/FORMATO-COMPROBANTE-EGRESO.xlsx\">Formato comprobante de egreso<\/a><a href=\"https:\/\/www.goremaule.cl\/goremauleVII\/wp-content\/uploads\/2025\/07\/FORMATO-COMPROBANTE-EGRESO.xlsx\" class=\"wp-block-file__button\" download>Descarga<\/a><\/div>\n\n\n\n<div class=\"wp-block-file\"><a href=\"https:\/\/www.goremaule.cl\/goremauleVII\/wp-content\/uploads\/2025\/07\/Informe-Final-de-Ejecucion-FORMATO.doc\">Formato informe final de ejecuci\u00f3n<\/a><a href=\"https:\/\/www.goremaule.cl\/goremauleVII\/wp-content\/uploads\/2025\/07\/Informe-Final-de-Ejecucion-FORMATO.doc\" class=\"wp-block-file__button\" download>Descarga<\/a><\/div>\n\n\n\n<p>DOCUMENTACI\u00d3N PARA RENDICI\u00d3N:&nbsp;&nbsp;&nbsp;<\/p>\n\n\n\n<p>1. Formulario de rendici\u00f3n (Car\u00e1tula y Anexo). Estos dos documentos van en archivo denominado Formulario de rendici\u00f3n financiera, que tiene 2 hojas que completar:&nbsp;&nbsp;la car\u00e1tula (formulario) y el anexo&nbsp;(se adjunta tambi\u00e9n por separado) donde se debe ingresar el detalle de las facturas o boletas presentadas.&nbsp;&nbsp;&nbsp;<\/p>\n\n\n\n<p>2. Incorporar el comprobante de ingreso (se adjunta de instituci\u00f3n y para persona natural). Este <strong>DOCUMENTO SOLO SE ENV\u00cdA CUANDO SE RECIBEN FONDOS, ES DECIR CUOTA 1 Y LUEGO EN CUOTA 2<\/strong>.&nbsp; &nbsp; &nbsp; &nbsp; &nbsp; &nbsp;&nbsp;&nbsp;<\/p>\n\n\n\n<p>3.&nbsp;Facturas, boletas y\/o boletas de honorarios con su contrato de prestaci\u00f3n de servicios y sus respectivos&nbsp;certificados de conformidad y de egreso&nbsp;o pago&nbsp;(los&nbsp;formatos&nbsp;van adjuntos).<\/p>\n\n\n\n<p>4.&nbsp;Acta de Conformidad (Formato Adjunto). El Acta de Conformidad la debe firmar el representante legal, ya que con este acreditan que se recibieron conforme los servicios o productos.<\/p>\n\n\n\n<p>5. Comprobante de Egreso (Formato adjunto). El comprobante de egreso lo&nbsp;firma el proveedor, este es el comprobante de que la instituci\u00f3n pag\u00f3 al proveedor, este \u00faltimo puede ser reemplazo por el comprobante de transferencia, en caso de que no se pague&nbsp;en efectivo.<\/p>\n\n\n\n<p>6. Fotograf\u00edas de todo lo rendido.&nbsp; &nbsp; &nbsp; &nbsp; &nbsp; &nbsp; &nbsp; &nbsp;&nbsp;<\/p>\n\n\n\n<p>7. De la difusi\u00f3n deben adjuntar fotograf\u00edas de los pendones y\/o lienzos, folletos d\u00edpticos, notas de diarios, CD o pendrive con respaldos de documentos, fotograf\u00edas, videos seg\u00fan detalle el proyecto. Las caracter\u00edsticas de la Difusi\u00f3n, que es obligatoria para estos proyectos, la pueden encontrar en el Manual de Difusi\u00f3n. Leer cuidadosamente el Manual de Difusi\u00f3n, ya que si no cumplen con lo indicado en \u00e9l (<strong>LOGO DEL GORE Y A\u00d1O DEL PROYECTO<\/strong>), estos gastos ser\u00e1n rechazados.<\/p>\n\n\n\n<p><strong>TAMBI\u00c9N ES NECESARIO TENER EN CONSIDERACI\u00d3N EN SU RENDICI\u00d3N:<\/strong><\/p>\n\n\n\n<p>a) Toda documentaci\u00f3n tributaria enviada en su rendici\u00f3n\u00a0debe se\u00f1alar el\u00a0<strong>NOMBRE DEL PROYECTO y\/o el C\u00d3DIGO INTERNO DEL PROYECTO<\/strong>, si las facturas o boletas de honorarios no se\u00f1alan lo anteriormente descrito (Nombre o c\u00f3digo de la iniciativa) \u00e9stas ser\u00e1n <strong>RECHAZADAS<\/strong>. Adem\u00e1s, la documentaci\u00f3n ser\u00e1 validada por el administrador en la plataforma del S.I.I. el\u00a0giro del contribuyente debe ser acorde a los productos o servicios prestados.\u00a0Las boletas de honorarios s\u00f3lo se pueden emitir por\u00a0servicios prestados, no por productos.<\/p>\n\n\n\n<p>b) Los gastos que se aceptar\u00e1n son aquellos que fueron aprobados en su postulaci\u00f3n por\u00a0el Gobierno Regional.\u00a0\u00a0\u00a0<\/p>\n\n\n\n<p>c) En caso de rendir con boletas de ventas\u00a0y servicios, se deber\u00e1 adjuntar boleta <strong>ORIGINAL<\/strong>, sin superar el valor de hasta 3 U.T.M. y se debe incluir detalle de compra firmado\u00a0por el proveedor.\u00a0\u00a0\u00a0<\/p>\n\n\n\n<p>d) Presentar, en caso de que corresponda, un Acta de Recepci\u00f3n o Entrega con nombre de la actividad, fecha y lugar e individualizar a las personas beneficiadas, nombre, RUT, fecha de entrega, direcci\u00f3n\u00a0y firma.\u00a0En caso de que corresponda, por el tipo de proyecto,\u00a0pautas de evaluaci\u00f3n de talleres y jornadas, etc.\u00a0\u00a0<\/p>\n\n\n\n<p>Nota:&nbsp; &nbsp;Las compras pueden realizarse con cualquier negocio, instituci\u00f3n, proveedor, etc. no necesariamente con los que presentaron la cotizaci\u00f3n de productos. Simplemente deben respetar los precios del presupuesto aprobado, son libres de elegir con qui\u00e9n comprar. <strong>PERO NO PUEDEN COMPRAR TODO A UN SOLO PROVEEDOR<\/strong>, es decir, no pueden comprar la difusi\u00f3n y los gastos operacionales al mismo proveedor.&nbsp;Si hay mucha diferencia de precios pueden, presentar una carta al <strong>GOBIERNO REGIONAL<\/strong> explicando y fundamentando alg\u00fan cambio, pero siempre ajust\u00e1ndose al presupuesto. Si hay diferencias al rendir, lo que sobrepase el presupuesto debe indicar que es por cuenta de la instituci\u00f3n, en caso de que el costo fuese menor, la diferencia se debe reintegrar a la cuenta del Gobierno Regional que se detalla:&nbsp;<\/p>\n\n\n\n<p>Cuenta corriente Bco. Estado: N.\u00ba 435-0-910891-0, a nombre del Gobierno Regional del Maule. Rut: 72.227.000-2. En ese caso, las Instituciones deben enviar el comprobante del dep\u00f3sito, indicando nombre de la Organizaci\u00f3n, Rut y nombre del proyecto.&nbsp;<\/p>\n\n\n\n<p>Las rendiciones se env\u00edan a la casilla del Gobierno Regional gestiondedocumento@goremaule.cl, con copia al administrador, ojal\u00e1 en&nbsp;1 archivo PDF, indicando en el correo que se trata de una rendici\u00f3n y detallar el nombre de la iniciativa, organizaci\u00f3n,&nbsp;RUT de la Instituci\u00f3n y la comuna. <\/p>\n\n\n\n<p>La otra opci\u00f3n es ingresarla directamente a la oficina de partes del Gobierno Regional, ubicada en 1 Norte #711, ubicado frente a la Plaza de Armas, con horario de 8:30 a 13:00 horas.&nbsp;<\/p>\n","protected":false},"excerpt":{"rendered":"<p>DOCUMENTACI\u00d3N PARA RENDICI\u00d3N:&nbsp;&nbsp;&nbsp; 1. Formulario de rendici\u00f3n (Car\u00e1tula y Anexo). Estos dos documentos van en archivo denominado Formulario de rendici\u00f3n financiera, que tiene 2 hojas que completar:&nbsp;&nbsp;la car\u00e1tula (formulario) y el anexo&nbsp;(se adjunta tambi\u00e9n por separado) donde se debe ingresar el detalle de las facturas o boletas presentadas.&nbsp;&nbsp;&nbsp; 2. Incorporar el comprobante de ingreso (se [&hellip;]<\/p>\n","protected":false},"author":2,"featured_media":0,"parent":0,"menu_order":0,"comment_status":"closed","ping_status":"closed","template":"","meta":{"footnotes":""},"class_list":["post-11847","page","type-page","status-publish","hentry"],"_links":{"self":[{"href":"https:\/\/www.goremaule.cl\/goremauleVII\/wp-json\/wp\/v2\/pages\/11847","targetHints":{"allow":["GET"]}}],"collection":[{"href":"https:\/\/www.goremaule.cl\/goremauleVII\/wp-json\/wp\/v2\/pages"}],"about":[{"href":"https:\/\/www.goremaule.cl\/goremauleVII\/wp-json\/wp\/v2\/types\/page"}],"author":[{"embeddable":true,"href":"https:\/\/www.goremaule.cl\/goremauleVII\/wp-json\/wp\/v2\/users\/2"}],"replies":[{"embeddable":true,"href":"https:\/\/www.goremaule.cl\/goremauleVII\/wp-json\/wp\/v2\/comments?post=11847"}],"version-history":[{"count":13,"href":"https:\/\/www.goremaule.cl\/goremauleVII\/wp-json\/wp\/v2\/pages\/11847\/revisions"}],"predecessor-version":[{"id":11875,"href":"https:\/\/www.goremaule.cl\/goremauleVII\/wp-json\/wp\/v2\/pages\/11847\/revisions\/11875"}],"wp:attachment":[{"href":"https:\/\/www.goremaule.cl\/goremauleVII\/wp-json\/wp\/v2\/media?parent=11847"}],"curies":[{"name":"wp","href":"https:\/\/api.w.org\/{rel}","templated":true}]}}