{"id":11057,"date":"2025-04-04T16:45:48","date_gmt":"2025-04-04T19:45:48","guid":{"rendered":"https:\/\/www.goremaule.cl\/goremauleVII\/?page_id=11057"},"modified":"2025-11-28T16:24:39","modified_gmt":"2025-11-28T19:24:39","slug":"concurso-de-vinculacion-con-la-comunidad-8-de-actividades-artisticas-culturales-y-patrimoniales-ano-2025","status":"publish","type":"page","link":"https:\/\/www.goremaule.cl\/goremauleVII\/concurso-de-vinculacion-con-la-comunidad-8-de-actividades-artisticas-culturales-y-patrimoniales-ano-2025\/","title":{"rendered":"Concurso de Vinculaci\u00f3n con la Comunidad 8% de Actividades Art\u00edsticas, Culturales y Patrimoniales a\u00f1o 2025"},"content":{"rendered":"\n<div style=\"height:24px\" aria-hidden=\"true\" class=\"wp-block-spacer\"><\/div>\n\n\n\n<div class=\"wp-block-file\"><a href=\"https:\/\/www.goremaule.cl\/goremauleVII\/wp-content\/uploads\/2025\/11\/Autoriza-financiamiento-a-iniciativas-culturales.pdf\">RES. 8686 Autoriza financiamiento a iniciativas culturales<\/a><a href=\"https:\/\/www.goremaule.cl\/goremauleVII\/wp-content\/uploads\/2025\/11\/Autoriza-financiamiento-a-iniciativas-culturales.pdf\" class=\"wp-block-file__button\" download>Descarga<\/a><\/div>\n\n\n\n<div class=\"wp-block-file\"><a href=\"https:\/\/www.goremaule.cl\/goremauleVII\/wp-content\/uploads\/2025\/10\/RES.-6959-Financiamiento.pdf\">RES. 6959 Autoriza financiamiento a iniciativas<\/a><a href=\"https:\/\/www.goremaule.cl\/goremauleVII\/wp-content\/uploads\/2025\/10\/RES.-6959-Financiamiento.pdf\" class=\"wp-block-file__button\" download>Descarga<\/a><\/div>\n\n\n\n<div style=\"height:24px\" aria-hidden=\"true\" class=\"wp-block-spacer\"><\/div>\n\n\n\n<hr class=\"wp-block-separator\"\/>\n\n\n\n<p>El plazo de subsanaci\u00f3n de observaciones es de 10 d\u00edas corridos, inici\u00e1ndose el martes 26 de agosto y finalizando el jueves 4 de septiembre a las 23:59 hrs.<\/p>\n\n\n\n<p>Prorrogado por un (1) d\u00eda adicional, finalizando el d\u00eda viernes 05 de septiembre de 2025 a las 23:59 hrs.<\/p>\n\n\n\n<p>La subsanaci\u00f3n debe realizarse directamente en la misma plataforma donde se postul\u00f3 el proyecto.<\/p>\n\n\n\n<div class=\"wp-block-file\"><a href=\"https:\/\/www.goremaule.cl\/goremauleVII\/wp-content\/uploads\/2025\/09\/RES.-5729.pdf\">RES.-5729<\/a><a href=\"https:\/\/www.goremaule.cl\/goremauleVII\/wp-content\/uploads\/2025\/09\/RES.-5729.pdf\" class=\"wp-block-file__button\" download>Descarga<\/a><\/div>\n\n\n\n<div class=\"wp-block-file\"><a href=\"https:\/\/www.goremaule.cl\/goremauleVII\/wp-content\/uploads\/2025\/08\/Planilla-Observaciones-de-Cultura-ano-2025-para-Subsanar.pdf\">Observaciones Cultura A\u00f1o 2025<\/a><a href=\"https:\/\/www.goremaule.cl\/goremauleVII\/wp-content\/uploads\/2025\/08\/Planilla-Observaciones-de-Cultura-ano-2025-para-Subsanar.pdf\" class=\"wp-block-file__button\" download>Descarga<\/a><\/div>\n\n\n\n<hr class=\"wp-block-separator\"\/>\n\n\n\n<div style=\"height:26px\" aria-hidden=\"true\" class=\"wp-block-spacer\"><\/div>\n\n\n\n<div class=\"wp-block-file\"><a href=\"https:\/\/www.goremaule.cl\/goremauleVII\/wp-content\/uploads\/2025\/04\/RES.E.1738-Aprueba-instructivo.pdf\">Resoluci\u00f3n exenta N\u00b0 1738 &#8211; Aprueba instructivo<\/a><a href=\"https:\/\/www.goremaule.cl\/goremauleVII\/wp-content\/uploads\/2025\/04\/RES.E.1738-Aprueba-instructivo.pdf\" class=\"wp-block-file__button\" download>Descarga<\/a><\/div>\n\n\n\n<div class=\"wp-block-file\"><a href=\"https:\/\/www.goremaule.cl\/goremauleVII\/wp-content\/uploads\/2025\/04\/MANUAL_DE_MARCA-1.pdf\">Manual de marca<\/a><a href=\"https:\/\/www.goremaule.cl\/goremauleVII\/wp-content\/uploads\/2025\/04\/MANUAL_DE_MARCA-1.pdf\" class=\"wp-block-file__button\" download>Descarga<\/a><\/div>\n\n\n\n<div class=\"wp-block-file\"><a href=\"https:\/\/www.goremaule.cl\/goremauleVII\/wp-content\/uploads\/2025\/04\/Protocolo_de_Difusion-1.pdf\">Protocolo de difusi\u00f3n<\/a><a href=\"https:\/\/www.goremaule.cl\/goremauleVII\/wp-content\/uploads\/2025\/04\/Protocolo_de_Difusion-1.pdf\" class=\"wp-block-file__button\" download>Descarga<\/a><\/div>\n\n\n\n<div class=\"wp-block-file\"><a href=\"https:\/\/www.goremaule.cl\/goremauleVII\/wp-content\/uploads\/2025\/04\/MANUAL-DE-DIFUSION-2025.pdf\">Manual de difusi\u00f3n<\/a><a href=\"https:\/\/www.goremaule.cl\/goremauleVII\/wp-content\/uploads\/2025\/04\/MANUAL-DE-DIFUSION-2025.pdf\" class=\"wp-block-file__button\" download>Descarga<\/a><\/div>\n\n\n\n<p class=\"wp-block-pdfemb-pdf-embedder-viewer\"><\/p>\n\n\n\n<p><\/p>\n","protected":false},"excerpt":{"rendered":"<p>El plazo de subsanaci\u00f3n de observaciones es de 10 d\u00edas corridos, inici\u00e1ndose el martes 26 de agosto y finalizando el jueves 4 de septiembre a las 23:59 hrs. Prorrogado por un (1) d\u00eda adicional, finalizando el d\u00eda viernes 05 de septiembre de 2025 a las 23:59 hrs. La subsanaci\u00f3n debe realizarse directamente en la misma [&hellip;]<\/p>\n","protected":false},"author":2,"featured_media":0,"parent":0,"menu_order":0,"comment_status":"closed","ping_status":"closed","template":"","meta":{"footnotes":""},"class_list":["post-11057","page","type-page","status-publish","hentry"],"_links":{"self":[{"href":"https:\/\/www.goremaule.cl\/goremauleVII\/wp-json\/wp\/v2\/pages\/11057","targetHints":{"allow":["GET"]}}],"collection":[{"href":"https:\/\/www.goremaule.cl\/goremauleVII\/wp-json\/wp\/v2\/pages"}],"about":[{"href":"https:\/\/www.goremaule.cl\/goremauleVII\/wp-json\/wp\/v2\/types\/page"}],"author":[{"embeddable":true,"href":"https:\/\/www.goremaule.cl\/goremauleVII\/wp-json\/wp\/v2\/users\/2"}],"replies":[{"embeddable":true,"href":"https:\/\/www.goremaule.cl\/goremauleVII\/wp-json\/wp\/v2\/comments?post=11057"}],"version-history":[{"count":16,"href":"https:\/\/www.goremaule.cl\/goremauleVII\/wp-json\/wp\/v2\/pages\/11057\/revisions"}],"predecessor-version":[{"id":13442,"href":"https:\/\/www.goremaule.cl\/goremauleVII\/wp-json\/wp\/v2\/pages\/11057\/revisions\/13442"}],"wp:attachment":[{"href":"https:\/\/www.goremaule.cl\/goremauleVII\/wp-json\/wp\/v2\/media?parent=11057"}],"curies":[{"name":"wp","href":"https:\/\/api.w.org\/{rel}","templated":true}]}}