{"id":1058,"date":"2021-03-24T14:08:38","date_gmt":"2021-03-24T17:08:38","guid":{"rendered":"https:\/\/www.goremaule.cl\/goremauleVII\/?page_id=1058"},"modified":"2021-03-24T14:08:39","modified_gmt":"2021-03-24T17:08:39","slug":"plan-regulador-comunal-de-linares","status":"publish","type":"page","link":"https:\/\/www.goremaule.cl\/goremauleVII\/plan-regulador-comunal-de-linares\/","title":{"rendered":"Plan Regulador Comunal de Linares"},"content":{"rendered":"\n<p><a href=\"https:\/\/www.goremaule.cl\/goremauleVII\/planes-reguladores-comunales\/\">p\u00e1gina anterior <\/a><\/p>\n\n\n\n<p>El Instrumento de Planificaci\u00f3n, fue aprobado mediante Resoluci\u00f3n Afecta N\u00b092 de fecha 25 de agosto de 2017, Toma de Raz\u00f3n por Contralor\u00eda General de la Republica de fecha 09 de noviembre de 2017 y publicada en Diario Oficial el 04 de diciembre de 2017.<\/p>\n\n\n\n<hr class=\"wp-block-separator\"\/>\n\n\n\n<p><a rel=\"noreferrer noopener\" href=\"https:\/\/www.goremaule.cl\/goremauleVII\/wp-content\/uploads\/2021\/03\/1.-Publicacion-Diario-Oficial-7.pdf\" target=\"_blank\">1- Publicaci\u00f3n Diario Oficial<\/a><\/p>\n\n\n\n<p><a rel=\"noreferrer noopener\" href=\"https:\/\/www.goremaule.cl\/goremauleVII\/wp-content\/uploads\/2021\/03\/2.-Res.-A-92.pdf\" target=\"_blank\">2- Res. (A) 92<\/a><\/p>\n\n\n\n<p><a rel=\"noreferrer noopener\" href=\"https:\/\/www.goremaule.cl\/goremauleVII\/wp-content\/uploads\/2021\/03\/3.-Ord-10837-Contraloria.pdf\" target=\"_blank\">3- Ord 10837 Contralor\u00eda<\/a><\/p>\n\n\n\n<p><a rel=\"noreferrer noopener\" href=\"https:\/\/www.goremaule.cl\/goremauleVII\/wp-content\/uploads\/2021\/03\/4.-Ordenanza-Local-3.pdf\" target=\"_blank\">4- Ordenanza Local<\/a><\/p>\n\n\n\n<p><a rel=\"noreferrer noopener\" href=\"https:\/\/www.goremaule.cl\/goremauleVII\/wp-content\/uploads\/2021\/03\/5.-Plano-Zonificacion-PRC-Linares-1-de-2.pdf\" target=\"_blank\">5- Plano Zonificaci\u00f3n PRC Linares 1 de 2<\/a><\/p>\n\n\n\n<p><a rel=\"noreferrer noopener\" href=\"https:\/\/www.goremaule.cl\/goremauleVII\/wp-content\/uploads\/2021\/03\/6.-Plano-Zonificacion-PRC-Linares-2-de-2.pdf\" target=\"_blank\">6- Plano Zonificaci\u00f3n PRC Linares 2 de 2<\/a><\/p>\n\n\n\n<p><a rel=\"noreferrer noopener\" href=\"https:\/\/www.goremaule.cl\/goremauleVII\/wp-content\/uploads\/2021\/03\/7.-Memoria-Explicativa-4.pdf\" target=\"_blank\">7- Memoria Explicativa<\/a><\/p>\n\n\n\n<p><a rel=\"noreferrer noopener\" href=\"https:\/\/www.goremaule.cl\/goremauleVII\/wp-content\/uploads\/2021\/03\/8.-Estudio-Capacidad-Vial-2.pdf\" target=\"_blank\">8- Estudio Capacidad Vial<\/a><\/p>\n\n\n\n<p><a rel=\"noreferrer noopener\" href=\"https:\/\/www.goremaule.cl\/goremauleVII\/wp-content\/uploads\/2021\/03\/9.-Estudio-de-Equipamiento-Comunal.pdf\" target=\"_blank\">9- Estudio de Equipamiento Comunal<\/a><\/p>\n\n\n\n<p><a rel=\"noreferrer noopener\" href=\"https:\/\/www.goremaule.cl\/goremauleVII\/wp-content\/uploads\/2021\/03\/9.1-Plano-Equipamiento.pdf\" target=\"_blank\">9.1- Plano Equipamiento<\/a><\/p>\n\n\n\n<p><a rel=\"noreferrer noopener\" href=\"https:\/\/www.goremaule.cl\/goremauleVII\/wp-content\/uploads\/2021\/03\/9.2-Plano-Areas-Verdes.pdf\" target=\"_blank\">9.2- Plano Areas Verdes<\/a><\/p>\n\n\n\n<p><a rel=\"noreferrer noopener\" href=\"https:\/\/www.goremaule.cl\/goremauleVII\/wp-content\/uploads\/2021\/03\/10.-Estudio-de-Riesgos-2.pdf\" target=\"_blank\">10- Estudio de Riesgos<\/a><\/p>\n\n\n\n<p><a rel=\"noreferrer noopener\" href=\"https:\/\/www.goremaule.cl\/goremauleVII\/wp-content\/uploads\/2021\/03\/10.1-Plano-Area-de-Inundacion-Potencial-Estero-Batuco.pdf\" target=\"_blank\">10.1- Plano Area de Inundaci\u00f3n Potencial Estero Batuco<\/a><\/p>\n\n\n\n<p><a rel=\"noreferrer noopener\" href=\"https:\/\/www.goremaule.cl\/goremauleVII\/wp-content\/uploads\/2021\/03\/11.-Factibilidad-de-Infraestructura-Sanitaria.pdf\" target=\"_blank\">11- Factibilidad de Infraestructura Sanitaria<\/a><\/p>\n\n\n\n<p><a rel=\"noreferrer noopener\" href=\"https:\/\/www.goremaule.cl\/goremauleVII\/wp-content\/uploads\/2021\/03\/11.1-Plano-Territorio-Operacional-Agua-Potable.pdf\" target=\"_blank\">11.1-  Plano Territorio Operacional Agua Potable<\/a><\/p>\n\n\n\n<p><a href=\"https:\/\/www.goremaule.cl\/goremauleVII\/wp-content\/uploads\/2021\/03\/11.2-Plano-Territorio-Operacional-Aguas-Servidas.pdf\" target=\"_blank\" rel=\"noreferrer noopener\">11.2- Plano Territorio Operacional Aguas Servidas<\/a><\/p>\n","protected":false},"excerpt":{"rendered":"<p>p\u00e1gina anterior El Instrumento de Planificaci\u00f3n, fue aprobado mediante Resoluci\u00f3n Afecta N\u00b092 de fecha 25 de agosto de 2017, Toma de Raz\u00f3n por Contralor\u00eda General de la Republica de fecha 09 de noviembre de 2017 y publicada en Diario Oficial el 04 de diciembre de 2017. 1- Publicaci\u00f3n Diario Oficial 2- Res. (A) 92 3- [&hellip;]<\/p>\n","protected":false},"author":1,"featured_media":0,"parent":0,"menu_order":0,"comment_status":"closed","ping_status":"closed","template":"","meta":{"footnotes":""},"class_list":["post-1058","page","type-page","status-publish","hentry"],"_links":{"self":[{"href":"https:\/\/www.goremaule.cl\/goremauleVII\/wp-json\/wp\/v2\/pages\/1058","targetHints":{"allow":["GET"]}}],"collection":[{"href":"https:\/\/www.goremaule.cl\/goremauleVII\/wp-json\/wp\/v2\/pages"}],"about":[{"href":"https:\/\/www.goremaule.cl\/goremauleVII\/wp-json\/wp\/v2\/types\/page"}],"author":[{"embeddable":true,"href":"https:\/\/www.goremaule.cl\/goremauleVII\/wp-json\/wp\/v2\/users\/1"}],"replies":[{"embeddable":true,"href":"https:\/\/www.goremaule.cl\/goremauleVII\/wp-json\/wp\/v2\/comments?post=1058"}],"version-history":[{"count":2,"href":"https:\/\/www.goremaule.cl\/goremauleVII\/wp-json\/wp\/v2\/pages\/1058\/revisions"}],"predecessor-version":[{"id":1122,"href":"https:\/\/www.goremaule.cl\/goremauleVII\/wp-json\/wp\/v2\/pages\/1058\/revisions\/1122"}],"wp:attachment":[{"href":"https:\/\/www.goremaule.cl\/goremauleVII\/wp-json\/wp\/v2\/media?parent=1058"}],"curies":[{"name":"wp","href":"https:\/\/api.w.org\/{rel}","templated":true}]}}