{"id":101,"date":"2019-12-03T13:43:24","date_gmt":"2019-12-03T13:43:24","guid":{"rendered":"https:\/\/www.goremaule.cl\/goremauleVII\/?page_id=101"},"modified":"2025-01-15T15:51:53","modified_gmt":"2025-01-15T18:51:53","slug":"descripcion-del-consejo-regional","status":"publish","type":"page","link":"https:\/\/www.goremaule.cl\/goremauleVII\/descripcion-del-consejo-regional\/","title":{"rendered":"Descripci\u00f3n del Consejo Regional"},"content":{"rendered":"\n<p><strong>Descripci\u00f3n del Consejo Regional<\/strong><\/p>\n\n\n\n<p>En la Regi\u00f3n del Maule, el Consejo Regional del Maule (CORE) es presidido por Pedro Pablo \u00c1lvarez-Salamanca Ram\u00edrez, Gobernador Regional y est\u00e1 integrado por 20 Consejeros que representan a cada una de las cuatro provincias, los que son electos por votaci\u00f3n popular.<\/p>\n\n\n\n<p>El n\u00famero de Consejeros Regionales depende de la cantidad de habitantes de cada provincia. De esa forma, la Provincia de Curic\u00f3 tiene seis representantes; la de Talca, siete; la de Linares, cinco y la de Cauquenes, dos.<\/p>\n\n\n\n<p><strong>REQUISITOS PARA SER ELEGIDO CONSEJERO<\/strong><\/p>\n\n\n\n<p>Los consejeros durar\u00e1n cuatro a\u00f1os en sus cargos y podr\u00e1n ser reelegidos.<\/p>\n\n\n\n<p><strong>DURACI\u00d3N DE LOS CONSEJEROS<\/strong><\/p>\n\n\n\n<p>Para ser elegido consejero regional, se requerir\u00e1 ser ciudadano con derecho a sufragio, mayor de edad, saber leer y escribir y tener residencia en la regi\u00f3n durante un plazo no inferior a dos a\u00f1os, contado hacia atr\u00e1s desde el d\u00eda de la elecci\u00f3n.<\/p>\n\n\n\n<p><strong>FUNCIONES DEL CONSEJO<\/strong><\/p>\n\n\n\n<p>Corresponder\u00e1 al Consejo Regional:<\/p>\n\n\n\n<p>1. Aprobar el reglamento que regule su funcionamiento, en el que se podr\u00e1 contemplar la existencia de diversas comisiones de trabajo.<\/p>\n\n\n\n<p>2. Aprobar los reglamentos regionales.<\/p>\n\n\n\n<p>3. Aprobar los planes reguladores comunales, previamente acordados por la Municipalidades en conformidad con la Ley General de Urbanismo y Construcciones, sobre la base del informe t\u00e9cnico que deber\u00e1 emitir la Secretar\u00eda Regional Ministerial de Vivienda y urbanismo, seg\u00fan lo dispone el art\u00edculo 20, letra f), precedente. Si el referido informe de la Secretar\u00eda Regional Ministerial de Vivienda y Urbanismo fuere desfavorable, el acuerdo del consejo deber\u00e1 ser fundado. Asimismo, aprobar los planes reguladores intercomunales que le proponga la Secretar\u00eda Regional Ministerial de Vivienda y urbanismo y que \u00e9sta hubiere elaborado de acuerdo con la Ley General de Urbanismo y Construcciones.<\/p>\n\n\n\n<p>4. Aprobar, modificar o sustituir el plan de desarrollo de la regi\u00f3n y el proyecto de presupuesto regional, as\u00ed como sus respectivas modificaciones, sobre la base de la proposici\u00f3n del Gobernador.<\/p>\n\n\n\n<p>5. Resolver, sobre la base de la proposici\u00f3n del Gobernador, la distribuci\u00f3n de los recursos del Fondo Nacional de Desarrollo Regional que correspondan a la regi\u00f3n, de los recursos de los programas de inversi\u00f3n sectorial de asignaci\u00f3n regional y de los recursos propios que el Gobierno Regional obtenga en la aplicaci\u00f3n de lo dispuesto en el N\u00b0 20\u00b0 del art\u00edculo 19 de la Constituci\u00f3n Pol\u00edtica de la Rep\u00fablica.<\/p>\n\n\n\n<p>6. Aprobar, sobre la base de la proposici\u00f3n del Gobernador, los convenios de programaci\u00f3n que el Gobierno Regional celebre.<\/p>\n\n\n\n<p>7. Fiscalizar el desempe\u00f1o del Gobernador Regional en su calidad de Presidente del Consejo y de \u00f3rgano ejecutivo del mismo, como tambi\u00e9n el de las unidades que de \u00e9l dependan, pudiendo requerir del Gobernador la informaci\u00f3n necesaria al efecto.<\/p>\n\n\n\n<p>8. Dar su acuerdo al Gobernador para enajenar o gravar bienes ra\u00edces que formen parte del patrimonio del Gobierno Regional y respecto de los dem\u00e1s actos de administraci\u00f3n en que lo exijan las disposiciones legales, incluido el otorgamiento de concesiones.<\/p>\n\n\n\n<p>9. Emitir opini\u00f3n respecto de las proposiciones de modificaci\u00f3n a la divisi\u00f3n pol\u00edtica y administrativa de la regi\u00f3n que formule el gobierno nacional, y otras que le sean solicitadas por los Poderes del Estado.<\/p>\n\n\n\n<p>10. Ejercer las dem\u00e1s atribuciones necesarias para el ejercicio de las funciones que la ley le encomiende.<\/p>\n\n\n\n<p><strong>FUNCIONAMIENTO DEL CONSEJO REGIONAL<\/strong><\/p>\n\n\n\n<p>El consejo regional funcionar\u00e1 en sesiones ordinarias y extraordinarias. Las sesiones ordinarias se efectuar\u00e1n, a lo menos, dos veces al mes, y en ellas podr\u00e1 abordarse cualquier asunto de la competencia del Consejo. En las sesiones extraordinarias s\u00f3lo podr\u00e1n tratarse las cuestiones incluidas en la convocatoria. Las sesiones ordinarias y extraordinarias ser\u00e1n p\u00fablicas. Su convocatoria se efectuar\u00e1 conforme lo determine el reglamento, el que tambi\u00e9n establecer\u00e1 los casos y oportunidades en que el Consejo se constituya en sesi\u00f3n secreta.<\/p>\n\n\n\n<p>Con el fin de conseguir una mayor operatividad en la resoluci\u00f3n de los problemas regionales, el Consejo Regional se organiza en las siguientes comisiones:<\/p>\n\n\n\n<p>Comisi\u00f3n de Presupuesto<\/p>\n\n\n\n<p>Comisi\u00f3n Jur\u00eddica, R\u00e9gimen Interno y \u00c9tica<\/p>\n\n\n\n<p>Comisi\u00f3n de Deportes y Recreaci\u00f3n<\/p>\n\n\n\n<p>Comisi\u00f3n de Infraestructura y Vivienda<\/p>\n\n\n\n<p>Comisi\u00f3n de Educaci\u00f3n y Cultura<\/p>\n\n\n\n<p>Comisi\u00f3n de Turismo y Medio Ambiente<\/p>\n\n\n\n<p>Comisi\u00f3n de Agricultura, Estrategia y Fomento Productivo<\/p>\n\n\n\n<p>Comisi\u00f3n de Salud<\/p>\n\n\n\n<p>Comisi\u00f3n Social e Integraci\u00f3n<\/p>\n\n\n\n<p>Comisi\u00f3n de Seguridad y Emergencia<\/p>\n","protected":false},"excerpt":{"rendered":"<p>Descripci\u00f3n del Consejo Regional En la Regi\u00f3n del Maule, el Consejo Regional del Maule (CORE) es presidido por Pedro Pablo \u00c1lvarez-Salamanca Ram\u00edrez, Gobernador Regional y est\u00e1 integrado por 20 Consejeros que representan a cada una de las cuatro provincias, los que son electos por votaci\u00f3n popular. El n\u00famero de Consejeros Regionales depende de la cantidad [&hellip;]<\/p>\n","protected":false},"author":1,"featured_media":0,"parent":0,"menu_order":0,"comment_status":"closed","ping_status":"closed","template":"","meta":{"footnotes":""},"class_list":["post-101","page","type-page","status-publish","hentry"],"_links":{"self":[{"href":"https:\/\/www.goremaule.cl\/goremauleVII\/wp-json\/wp\/v2\/pages\/101","targetHints":{"allow":["GET"]}}],"collection":[{"href":"https:\/\/www.goremaule.cl\/goremauleVII\/wp-json\/wp\/v2\/pages"}],"about":[{"href":"https:\/\/www.goremaule.cl\/goremauleVII\/wp-json\/wp\/v2\/types\/page"}],"author":[{"embeddable":true,"href":"https:\/\/www.goremaule.cl\/goremauleVII\/wp-json\/wp\/v2\/users\/1"}],"replies":[{"embeddable":true,"href":"https:\/\/www.goremaule.cl\/goremauleVII\/wp-json\/wp\/v2\/comments?post=101"}],"version-history":[{"count":4,"href":"https:\/\/www.goremaule.cl\/goremauleVII\/wp-json\/wp\/v2\/pages\/101\/revisions"}],"predecessor-version":[{"id":10683,"href":"https:\/\/www.goremaule.cl\/goremauleVII\/wp-json\/wp\/v2\/pages\/101\/revisions\/10683"}],"wp:attachment":[{"href":"https:\/\/www.goremaule.cl\/goremauleVII\/wp-json\/wp\/v2\/media?parent=101"}],"curies":[{"name":"wp","href":"https:\/\/api.w.org\/{rel}","templated":true}]}}